{"id":8167,"date":"2022-08-02T12:59:08","date_gmt":"2022-08-02T12:59:08","guid":{"rendered":"https:\/\/alst.org\/la-storia\/"},"modified":"2022-08-24T10:45:56","modified_gmt":"2022-08-24T10:45:56","slug":"la-storia","status":"publish","type":"page","link":"https:\/\/alst.org\/it\/la-storia\/","title":{"rendered":"La storia"},"content":{"rendered":"\t\t<div data-elementor-type=\"wp-page\" data-elementor-id=\"8167\" class=\"elementor elementor-8167 elementor-6956\" data-elementor-post-type=\"page\">\n\t\t\t\t\t\t<section class=\"elementor-section elementor-top-section elementor-element elementor-element-1a72cb2f elementor-section-boxed elementor-section-height-default elementor-section-height-default\" data-id=\"1a72cb2f\" data-element_type=\"section\" data-e-type=\"section\" data-settings=\"{&quot;jet_parallax_layout_list&quot;:[]}\">\n\t\t\t\t\t\t<div class=\"elementor-container elementor-column-gap-default\">\n\t\t\t\t\t<div class=\"elementor-column elementor-col-100 elementor-top-column elementor-element elementor-element-57281f92\" data-id=\"57281f92\" data-element_type=\"column\" data-e-type=\"column\">\n\t\t\t<div class=\"elementor-widget-wrap elementor-element-populated\">\n\t\t\t\t\t\t<div class=\"elementor-element elementor-element-354c2da0 elementor-widget elementor-widget-heading\" data-id=\"354c2da0\" data-element_type=\"widget\" data-e-type=\"widget\" data-widget_type=\"heading.default\">\n\t\t\t\t\t<h1 class=\"elementor-heading-title elementor-size-default\">La storia<\/h1>\t\t\t\t<\/div>\n\t\t\t\t\t<\/div>\n\t\t<\/div>\n\t\t\t\t\t<\/div>\n\t\t<\/section>\n\t\t\t\t<section class=\"elementor-section elementor-top-section elementor-element elementor-element-668c3a97 elementor-section-boxed elementor-section-height-default elementor-section-height-default\" data-id=\"668c3a97\" data-element_type=\"section\" data-e-type=\"section\" data-settings=\"{&quot;jet_parallax_layout_list&quot;:[]}\">\n\t\t\t\t\t\t<div class=\"elementor-container elementor-column-gap-no\">\n\t\t\t\t\t<div class=\"elementor-column elementor-col-100 elementor-top-column elementor-element elementor-element-45e3130b\" data-id=\"45e3130b\" data-element_type=\"column\" data-e-type=\"column\">\n\t\t\t<div class=\"elementor-widget-wrap elementor-element-populated\">\n\t\t\t\t\t\t<div class=\"elementor-element elementor-element-4a68db20 elementor-widget elementor-widget-spacer\" data-id=\"4a68db20\" data-element_type=\"widget\" data-e-type=\"widget\" data-widget_type=\"spacer.default\">\n\t\t\t\t\t\t\t<div class=\"elementor-spacer\">\n\t\t\t<div class=\"elementor-spacer-inner\"><\/div>\n\t\t<\/div>\n\t\t\t\t\t\t<\/div>\n\t\t\t\t\t<\/div>\n\t\t<\/div>\n\t\t\t\t\t<\/div>\n\t\t<\/section>\n\t\t\t\t<section class=\"elementor-section elementor-top-section elementor-element elementor-element-12706353 elementor-section-boxed elementor-section-height-default elementor-section-height-default\" data-id=\"12706353\" data-element_type=\"section\" data-e-type=\"section\" data-settings=\"{&quot;jet_parallax_layout_list&quot;:[]}\">\n\t\t\t\t\t\t<div class=\"elementor-container elementor-column-gap-default\">\n\t\t\t\t\t<div class=\"elementor-column elementor-col-100 elementor-top-column elementor-element elementor-element-111478ca\" data-id=\"111478ca\" data-element_type=\"column\" data-e-type=\"column\">\n\t\t\t<div class=\"elementor-widget-wrap elementor-element-populated\">\n\t\t\t\t\t\t<div class=\"elementor-element elementor-element-5ad2c828 elementor-widget elementor-widget-text-editor\" data-id=\"5ad2c828\" data-element_type=\"widget\" data-e-type=\"widget\" data-widget_type=\"text-editor.default\">\n\t\t\t\t\t\t\t\t\t<h2>Panoramica storica &#8211; Persecuzione dei Testimoni di Geova<\/h2><p>La denominazione cristiana dei Testimoni di Geova, nota anche come Studenti Biblici Internazionali, fu perseguitata fin dall&#8217;inizio sotto il nazionalsocialismo e fu la prima comunit\u00e0 religiosa a essere messa al bando nel 1933. I nazionalsocialisti usavano principalmente il termine Studenti della Bibbia perch\u00e9 odiavano il nome ebraico di Dio Jehovah e i riferimenti alla Bibbia ebraica.<\/p><p>I Testimoni di Geova hanno opposto resistenza religiosa alla dittatura rifiutando il saluto hitleriano, l&#8217;adesione alle organizzazioni naziste e la partecipazione alla guerra, alla violenza e alla produzione di armi, mostrando solidariet\u00e0 con altri gruppi di vittime e sensibilizzando pubblicamente sulla natura criminale del nazionalsocialismo.<\/p><p>I Testimoni di Geova furono sistematicamente perseguitati nel Reich tedesco e in gran parte dell&#8217;Europa governata dai nazisti. Pi\u00f9 della met\u00e0 dei membri della comunit\u00e0 religiosa &#8211; almeno 10.700 testimoni di Geova tedeschi e 2.700 provenienti dai Paesi europei occupati, sia donne che uomini &#8211; ha subito persecuzioni dirette, per lo pi\u00f9 sotto forma di imprigionamento. Circa 2.800 Testimoni di Geova provenienti dalla Germania e altri 1.400 dall&#8217;Europa occupata dai nazisti furono imprigionati nei campi di concentramento. L\u00ec furono stigmatizzati con il loro marchio, il &#8220;triangolo viola&#8221;, e furono uno dei gruppi pi\u00f9 numerosi di prigionieri nei primi campi di concentramento. 1.250 dei perseguitati erano minorenni, 600 bambini sono stati sottratti ai loro genitori dallo Stato nazista.<\/p><p>Almeno 1.700 Testimoni di Geova persero la vita a causa della tirannia nazionalsocialista.<\/p><p>Tra questi ci sono i 282 Testimoni di Geova giustiziati per obiezione di coscienza. Altri 55 obiettori di coscienza sono morti in custodia o in unit\u00e0 penali. Si tratta del gruppo pi\u00f9 numeroso di obiettori di coscienza sotto il nazionalsocialismo. L&#8217;ancoraggio del diritto fondamentale all&#8217;obiezione di coscienza nella Legge Fondamentale della Repubblica Federale di Germania \u00e8 dovuto essenzialmente al riconoscimento per questi assassinati di un diritto all&#8217;obiezione di coscienza.<br>I Testimoni di Geova tornano in Consiglio parlamentare.<\/p><h2><span style=\"font-weight: 400;\">Panoramica storica &#8211; persecuzione delle famiglie Arnold e Liebster<\/span><\/h2><p><span style=\"font-weight: 400;\">Nata in Alsazia il 17 agosto 1930, Simone Arnold-Liebster apparteneva con i genitori a un gruppo di Testimoni di Geova a Mulhouse. Frequentare la scuola divenne una prova quotidiana dei loro principi dopo l&#8217;invasione tedesca del 1940: La propria coscienza doveva sollevarsi ogni giorno contro l&#8217;onnipresente coercizione. La &#8220;germanizzazione&#8221; dell&#8217;Alsazia trasform\u00f2 gli insegnanti in fanatici nazionalsocialisti. Simone Arnold-Liebster sub\u00ec abusi psicologici e fisici, fu espulsa dal liceo e infine strappata alla madre nell&#8217;aprile del 1943 e portata in un riformatorio nazista a Costanza. L\u00ec ha dovuto fare lavori forzati e sopportare abusi mentali. Se non fosse arrivata la liberazione, sarebbe stata trasferita in un campo di concentramento all&#8217;et\u00e0 di 15 anni. <\/span><\/p><p><span style=\"font-weight: 400;\">Il pi\u00f9 caro amico di Simone Arnold-Liebster, Marcel Sutter, fu decapitato per obiezione di coscienza ad Halle il 5 novembre 1943 all&#8217;et\u00e0 di 24 anni. Il padre di Simone, Adolphe Arnold, ha sofferto i campi di concentramento di Schirmeck, Dachau, Mauthausen ed Ebensee fin dal suo arresto da parte della Gestapo nel settembre 1941, sua madre Emma Arnold i campi di concentramento di Schirmeck e Gaggenau dal 1943. L\u00ec, a rischio della sua vita, salv\u00f2 la vita di altre persone, come la combattente della resistenza Louise Blazer, che in seguito fu insignita del titolo di &#8220;Giusta tra le Nazioni&#8221;. Adolphe ed Emma Arnold rimasero segnati dalla prigionia e dalle torture per tutta la vita, ma si impegnarono in un percorso di riconciliazione e compassione. <\/span><\/p><p><span style=\"font-weight: 400;\">Max Liebster, nato il 15 febbraio 1915 a Reichenbach nell&#8217;Odenwald e morto il 28 maggio 2008 a Aix-les-Bains, con cui Simone Arnold-Liebster era sposata dal 1956, proveniva da una famiglia ebraica. Molti membri della sua famiglia sono stati uccisi. Max \u00e8 sopravvissuto ai campi di concentramento e di sterminio di Sachsenhausen, Neuengamme, Auschwitz e Buchenwald. <\/span><\/p>\t\t\t\t\t\t\t\t<\/div>\n\t\t\t\t\t<\/div>\n\t\t<\/div>\n\t\t\t\t\t<\/div>\n\t\t<\/section>\n\t\t\t\t<section class=\"elementor-section elementor-top-section elementor-element elementor-element-78baed73 elementor-section-boxed elementor-section-height-default elementor-section-height-default\" data-id=\"78baed73\" data-element_type=\"section\" data-e-type=\"section\" data-settings=\"{&quot;jet_parallax_layout_list&quot;:[]}\">\n\t\t\t\t\t\t<div class=\"elementor-container elementor-column-gap-default\">\n\t\t\t\t\t<div class=\"make-column-clickable-elementor elementor-column elementor-col-33 elementor-top-column elementor-element elementor-element-2c979bfa\" style=\"cursor: pointer;\" data-column-clickable=\"https:\/\/alst.org\/biographien\/\" data-column-clickable-blank=\"_self\" data-id=\"2c979bfa\" data-element_type=\"column\" data-e-type=\"column\" data-settings=\"{&quot;background_background&quot;:&quot;classic&quot;}\">\n\t\t\t<div class=\"elementor-widget-wrap elementor-element-populated\">\n\t\t\t\t\t<div class=\"elementor-background-overlay\"><\/div>\n\t\t\t\t\t\t<div class=\"elementor-element elementor-element-5faa1ea5 elementor-widget elementor-widget-heading\" data-id=\"5faa1ea5\" data-element_type=\"widget\" data-e-type=\"widget\" data-widget_type=\"heading.default\">\n\t\t\t\t\t<h2 class=\"elementor-heading-title elementor-size-default\"><a href=\"https:\/\/alst.org\/biographien\/\">Biografie<\/a><\/h2>\t\t\t\t<\/div>\n\t\t\t\t\t<\/div>\n\t\t<\/div>\n\t\t\t\t<div class=\"make-column-clickable-elementor elementor-column elementor-col-33 elementor-top-column elementor-element elementor-element-451d38a3\" style=\"cursor: pointer;\" data-column-clickable=\"https:\/\/alst.org\/kategorie\/geschichte\/stimmen-von-historikern\/\" data-column-clickable-blank=\"_self\" data-id=\"451d38a3\" data-element_type=\"column\" data-e-type=\"column\" data-settings=\"{&quot;background_background&quot;:&quot;classic&quot;}\">\n\t\t\t<div class=\"elementor-widget-wrap elementor-element-populated\">\n\t\t\t\t\t<div class=\"elementor-background-overlay\"><\/div>\n\t\t\t\t\t\t<div class=\"elementor-element elementor-element-36b0f14a elementor-widget elementor-widget-heading\" data-id=\"36b0f14a\" data-element_type=\"widget\" data-e-type=\"widget\" data-widget_type=\"heading.default\">\n\t\t\t\t\t<h2 class=\"elementor-heading-title elementor-size-default\"><a href=\"https:\/\/alst.org\/kategorie\/geschichte\/stimmen-von-historikern\/\">Voci di storici<\/a><\/h2>\t\t\t\t<\/div>\n\t\t\t\t\t<\/div>\n\t\t<\/div>\n\t\t\t\t<div class=\"make-column-clickable-elementor elementor-column elementor-col-33 elementor-top-column elementor-element elementor-element-2f0f30c1\" style=\"cursor: pointer;\" data-column-clickable=\"https:\/\/alst.org\/kategorie\/geschichte\/stimmen-von-zeitgenossen\/\" data-column-clickable-blank=\"_self\" data-id=\"2f0f30c1\" data-element_type=\"column\" data-e-type=\"column\" data-settings=\"{&quot;background_background&quot;:&quot;classic&quot;}\">\n\t\t\t<div class=\"elementor-widget-wrap elementor-element-populated\">\n\t\t\t\t\t<div class=\"elementor-background-overlay\"><\/div>\n\t\t\t\t\t\t<div class=\"elementor-element elementor-element-16c602e elementor-widget elementor-widget-heading\" data-id=\"16c602e\" data-element_type=\"widget\" data-e-type=\"widget\" data-widget_type=\"heading.default\">\n\t\t\t\t\t<h2 class=\"elementor-heading-title elementor-size-default\"><a href=\"https:\/\/alst.org\/kategorie\/geschichte\/stimmen-von-zeitgenossen\/\">Voci di contemporanei<\/a><\/h2>\t\t\t\t<\/div>\n\t\t\t\t\t<\/div>\n\t\t<\/div>\n\t\t\t\t\t<\/div>\n\t\t<\/section>\n\t\t\t\t<section class=\"elementor-section elementor-top-section elementor-element elementor-element-3e2b018e elementor-section-boxed elementor-section-height-default elementor-section-height-default\" data-id=\"3e2b018e\" data-element_type=\"section\" data-e-type=\"section\" data-settings=\"{&quot;jet_parallax_layout_list&quot;:[]}\">\n\t\t\t\t\t\t<div class=\"elementor-container elementor-column-gap-default\">\n\t\t\t\t\t<div class=\"make-column-clickable-elementor elementor-column elementor-col-33 elementor-top-column elementor-element elementor-element-55f83d08\" style=\"cursor: pointer;\" data-column-clickable=\"https:\/\/alst.org\/ereignisse\/\" data-column-clickable-blank=\"_self\" data-id=\"55f83d08\" data-element_type=\"column\" data-e-type=\"column\" data-settings=\"{&quot;background_background&quot;:&quot;classic&quot;}\">\n\t\t\t<div class=\"elementor-widget-wrap elementor-element-populated\">\n\t\t\t\t\t<div class=\"elementor-background-overlay\"><\/div>\n\t\t\t\t\t\t<div class=\"elementor-element elementor-element-23b9e509 elementor-widget elementor-widget-heading\" data-id=\"23b9e509\" data-element_type=\"widget\" data-e-type=\"widget\" data-widget_type=\"heading.default\">\n\t\t\t\t\t<h2 class=\"elementor-heading-title elementor-size-default\"><a href=\"https:\/\/alst.org\/ereignisse\/\">Eventi<\/a><\/h2>\t\t\t\t<\/div>\n\t\t\t\t\t<\/div>\n\t\t<\/div>\n\t\t\t\t<div class=\"make-column-clickable-elementor elementor-column elementor-col-33 elementor-top-column elementor-element elementor-element-59bb97f8\" style=\"cursor: pointer;\" data-column-clickable=\"https:\/\/alst.org\/bildung\/fachliteratur\/\" data-column-clickable-blank=\"_self\" data-id=\"59bb97f8\" data-element_type=\"column\" data-e-type=\"column\" data-settings=\"{&quot;background_background&quot;:&quot;classic&quot;}\">\n\t\t\t<div class=\"elementor-widget-wrap elementor-element-populated\">\n\t\t\t\t\t<div class=\"elementor-background-overlay\"><\/div>\n\t\t\t\t\t\t<div class=\"elementor-element elementor-element-7b638d2c elementor-widget elementor-widget-heading\" data-id=\"7b638d2c\" data-element_type=\"widget\" data-e-type=\"widget\" data-widget_type=\"heading.default\">\n\t\t\t\t\t<h2 class=\"elementor-heading-title elementor-size-default\"><a href=\"https:\/\/alst.org\/bildung\/fachliteratur\/\">Ricerca<\/a><\/h2>\t\t\t\t<\/div>\n\t\t\t\t\t<\/div>\n\t\t<\/div>\n\t\t\t\t<div class=\"make-column-clickable-elementor elementor-column elementor-col-33 elementor-top-column elementor-element elementor-element-3dc50ea5\" style=\"cursor: pointer;\" data-column-clickable=\"https:\/\/alst.org\/zeitzeugeninterviews\/\" data-column-clickable-blank=\"_self\" data-id=\"3dc50ea5\" data-element_type=\"column\" data-e-type=\"column\" data-settings=\"{&quot;background_background&quot;:&quot;classic&quot;}\">\n\t\t\t<div class=\"elementor-widget-wrap elementor-element-populated\">\n\t\t\t\t\t<div class=\"elementor-background-overlay\"><\/div>\n\t\t\t\t\t\t<div class=\"elementor-element elementor-element-e810ef3 elementor-widget elementor-widget-heading\" data-id=\"e810ef3\" data-element_type=\"widget\" data-e-type=\"widget\" data-widget_type=\"heading.default\">\n\t\t\t\t\t<h2 class=\"elementor-heading-title elementor-size-default\"><a href=\"https:\/\/alst.org\/zeitzeugeninterviews\/\">Interviste di storia orale<\/a><\/h2>\t\t\t\t<\/div>\n\t\t\t\t\t<\/div>\n\t\t<\/div>\n\t\t\t\t\t<\/div>\n\t\t<\/section>\n\t\t\t\t<\/div>\n\t\t","protected":false},"excerpt":{"rendered":"<p>La storia Panoramica storica &#8211; Persecuzione dei Testimoni di Geova La denominazione cristiana dei Testimoni di Geova, nota anche come Studenti Biblici Internazionali, fu perseguitata fin dall&#8217;inizio sotto il nazionalsocialismo e fu la prima comunit\u00e0 religiosa a essere messa al bando nel 1933. I nazionalsocialisti usavano principalmente il termine Studenti della Bibbia perch\u00e9 odiavano il [&hellip;]<\/p>\n","protected":false},"author":1,"featured_media":11029,"parent":0,"menu_order":0,"comment_status":"closed","ping_status":"closed","template":"elementor_header_footer","meta":{"inline_featured_image":false,"footnotes":""},"class_list":["post-8167","page","type-page","status-publish","has-post-thumbnail","hentry"],"_links":{"self":[{"href":"https:\/\/alst.org\/it\/wp-json\/wp\/v2\/pages\/8167","targetHints":{"allow":["GET"]}}],"collection":[{"href":"https:\/\/alst.org\/it\/wp-json\/wp\/v2\/pages"}],"about":[{"href":"https:\/\/alst.org\/it\/wp-json\/wp\/v2\/types\/page"}],"author":[{"embeddable":true,"href":"https:\/\/alst.org\/it\/wp-json\/wp\/v2\/users\/1"}],"replies":[{"embeddable":true,"href":"https:\/\/alst.org\/it\/wp-json\/wp\/v2\/comments?post=8167"}],"version-history":[{"count":10,"href":"https:\/\/alst.org\/it\/wp-json\/wp\/v2\/pages\/8167\/revisions"}],"predecessor-version":[{"id":10705,"href":"https:\/\/alst.org\/it\/wp-json\/wp\/v2\/pages\/8167\/revisions\/10705"}],"wp:featuredmedia":[{"embeddable":true,"href":"https:\/\/alst.org\/it\/wp-json\/wp\/v2\/media\/11029"}],"wp:attachment":[{"href":"https:\/\/alst.org\/it\/wp-json\/wp\/v2\/media?parent=8167"}],"curies":[{"name":"wp","href":"https:\/\/api.w.org\/{rel}","templated":true}]}}