{"id":7925,"date":"2022-08-05T10:09:26","date_gmt":"2022-08-05T10:09:26","guid":{"rendered":"https:\/\/alst.org\/i-fondatori\/"},"modified":"2022-10-04T08:46:13","modified_gmt":"2022-10-04T08:46:13","slug":"i-fondatori","status":"publish","type":"page","link":"https:\/\/alst.org\/it\/i-fondatori\/","title":{"rendered":"I fondatori"},"content":{"rendered":"\t\t<div data-elementor-type=\"wp-page\" data-elementor-id=\"7925\" class=\"elementor elementor-7925 elementor-7528\" data-elementor-post-type=\"page\">\n\t\t\t\t\t\t<section class=\"elementor-section elementor-top-section elementor-element elementor-element-7ee38cd2 elementor-section-boxed elementor-section-height-default elementor-section-height-default\" data-id=\"7ee38cd2\" data-element_type=\"section\" data-e-type=\"section\" data-settings=\"{&quot;jet_parallax_layout_list&quot;:[]}\">\n\t\t\t\t\t\t<div class=\"elementor-container elementor-column-gap-default\">\n\t\t\t\t\t<div class=\"elementor-column elementor-col-100 elementor-top-column elementor-element elementor-element-50b61786\" data-id=\"50b61786\" data-element_type=\"column\" data-e-type=\"column\">\n\t\t\t<div class=\"elementor-widget-wrap elementor-element-populated\">\n\t\t\t\t\t\t<div class=\"elementor-element elementor-element-33b2414d elementor-widget elementor-widget-heading\" data-id=\"33b2414d\" data-element_type=\"widget\" data-e-type=\"widget\" data-widget_type=\"heading.default\">\n\t\t\t\t\t<h1 class=\"elementor-heading-title elementor-size-default\">I fondatori<\/h1>\t\t\t\t<\/div>\n\t\t\t\t\t<\/div>\n\t\t<\/div>\n\t\t\t\t\t<\/div>\n\t\t<\/section>\n\t\t\t\t<section class=\"elementor-section elementor-top-section elementor-element elementor-element-b0443b elementor-section-boxed elementor-section-height-default elementor-section-height-default\" data-id=\"b0443b\" data-element_type=\"section\" data-e-type=\"section\" data-settings=\"{&quot;jet_parallax_layout_list&quot;:[]}\">\n\t\t\t\t\t\t<div class=\"elementor-container elementor-column-gap-no\">\n\t\t\t\t\t<div class=\"elementor-column elementor-col-100 elementor-top-column elementor-element elementor-element-4da3f288\" data-id=\"4da3f288\" data-element_type=\"column\" data-e-type=\"column\">\n\t\t\t<div class=\"elementor-widget-wrap elementor-element-populated\">\n\t\t\t\t\t\t<div class=\"elementor-element elementor-element-54b67193 elementor-widget elementor-widget-spacer\" data-id=\"54b67193\" data-element_type=\"widget\" data-e-type=\"widget\" data-widget_type=\"spacer.default\">\n\t\t\t\t\t\t\t<div class=\"elementor-spacer\">\n\t\t\t<div class=\"elementor-spacer-inner\"><\/div>\n\t\t<\/div>\n\t\t\t\t\t\t<\/div>\n\t\t\t\t\t<\/div>\n\t\t<\/div>\n\t\t\t\t\t<\/div>\n\t\t<\/section>\n\t\t\t\t<section class=\"elementor-section elementor-top-section elementor-element elementor-element-209eddd7 elementor-section-boxed elementor-section-height-default elementor-section-height-default\" data-id=\"209eddd7\" data-element_type=\"section\" data-e-type=\"section\" data-settings=\"{&quot;jet_parallax_layout_list&quot;:[]}\">\n\t\t\t\t\t\t<div class=\"elementor-container elementor-column-gap-default\">\n\t\t\t\t\t<div class=\"elementor-column elementor-col-100 elementor-top-column elementor-element elementor-element-236d370a\" data-id=\"236d370a\" data-element_type=\"column\" data-e-type=\"column\">\n\t\t\t<div class=\"elementor-widget-wrap elementor-element-populated\">\n\t\t\t\t\t\t<div class=\"elementor-element elementor-element-6a05b9cc elementor-widget elementor-widget-text-editor\" data-id=\"6a05b9cc\" data-element_type=\"widget\" data-e-type=\"widget\" data-widget_type=\"text-editor.default\">\n\t\t\t\t\t\t\t\t\t<p>Nata in Alsazia il 17 agosto 1930, Simone Arnold-Liebster apparteneva con i genitori a un gruppo di Testimoni di Geova a Mulhouse. Frequentare la scuola divenne una prova quotidiana dei loro principi dopo l&#8217;invasione tedesca del 1940: La propria coscienza doveva sollevarsi ogni giorno contro l&#8217;onnipresente coercizione. La &#8220;germanizzazione&#8221; dell&#8217;Alsazia trasform\u00f2 gli insegnanti in fanatici nazionalsocialisti. Simone Arnold-Liebster sub\u00ec abusi psicologici e fisici, fu espulsa dal liceo e infine strappata alla madre nell&#8217;aprile del 1943 e portata in un riformatorio nazista a Costanza. L\u00ec ha dovuto fare lavori forzati e sopportare abusi mentali. Se non fosse arrivata la liberazione, sarebbe stata trasferita in un campo di concentramento all&#8217;et\u00e0 di 15 anni.<\/p>\n<p>Il pi\u00f9 caro amico di Simone Arnold-Liebster, Marcel Sutter, fu decapitato per obiezione di coscienza ad Halle il 5 novembre 1943 all&#8217;et\u00e0 di 24 anni. Il padre di Simone, Adolphe Arnold, ha sofferto i campi di concentramento di Schirmeck, Dachau, Mauthausen ed Ebensee fin dal suo arresto da parte della Gestapo nel settembre 1941, sua madre Emma Arnold i campi di concentramento di Schirmeck e Gaggenau dal 1943. L\u00ec, a rischio della sua vita, salv\u00f2 la vita di altre persone, come la combattente della resistenza Louise Blazer, che in seguito fu insignita del titolo di &#8220;Giusta tra le Nazioni&#8221;. Adolphe ed Emma Arnold rimasero segnati dalla prigionia e dalle torture per tutta la vita, ma si impegnarono in un percorso di riconciliazione e compassione.<\/p>\n<p>Max Liebster, nato il 15 febbraio 1915 a Reichenbach nell&#8217;Odenwald e morto il 28 maggio 2008 a Aix-les-Bains, con cui Simone Arnold-Liebster era sposata dal 1956, proveniva da una famiglia ebraica. Molti membri della sua famiglia sono stati uccisi. Max \u00e8 sopravvissuto ai campi di concentramento e di sterminio di Sachsenhausen, Neuengamme, Auschwitz e Buchenwald.<\/p>\n<p>Max Liebster e Simone Arnold-Liebster hanno parlato a numerose platee di scuole, universit\u00e0 o musei &#8211; tra cui pi\u00f9 volte al Museo Memoriale dell&#8217;Olocausto degli Stati Uniti a Washington &#8211; in oltre 60 citt\u00e0 in Europa e negli Stati Uniti.<\/p>\n<p>Dalla creazione della sua fondazione, Simone Arnold-Liebster ha tenuto innumerevoli discussioni con decine di migliaia di giovani, soprattutto nelle scuole americane, sulla persecuzione nazista e sulle possibilit\u00e0 di resistenza e tolleranza. Ancora oggi, lavora diverse volte alla settimana in videoconferenza con classi scolastiche e gruppi di giovani. Come testimone contemporanea, si batte instancabilmente contro l&#8217;oblio e per l&#8217;educazione alla tolleranza e all&#8217;umanit\u00e0 ed \u00e8 disponibile per progetti con i giovani, come la Giornata della memoria delle vittime del nazionalsocialismo 2021 del <a href=\"https:\/\/www.landtag-bw.de\/home\/mediathek\/videos\/2021\/20210127gedenkstundeopferns1.html?t=0\" target=\"_blank\" rel=\"noopener nofollow\">Parlamento del Baden-W\u00fcrttemberg<\/a>, vedi anche <a href=\"https:\/\/alst.org\/it\/istruzione\/video\/film-e-video\/\" target=\"_blank\" rel=\"noopener\">qui<\/a>.<\/p>\n<p>Nel 1986, Simone Arnold-Liebster \u00e8 stata tra i cofondatori del CETJAD (Cercle Europ\u00e9en des T\u00e9moins de Jehovah Anciens D\u00e9port\u00e9s et Intern\u00e9s), la prima organizzazione dedicata a ricordare la persecuzione del suo gruppo di vittime, che fino ad allora era stato dimenticato dall&#8217;opinione pubblica, contrastando cos\u00ec un vuoto nella memoria storica. Ha ricevuto una notevole attenzione internazionale per il suo libro &#8220;Alone before the Lion&#8221;. Una bambina resiste al regime nazista&#8221;, che \u00e8 una testimonianza commovente della sua persecuzione e resistenza, nonch\u00e9 una delle memorie pi\u00f9 impressionanti sulla persecuzione nazista di una giovane persona. Questo \u00e8 chiaro anche negli omaggi introduttivi di Abraham J. Peck, ex collaboratore di Elie Wiesel, presidente del Museo Memoriale dell&#8217;Olocausto degli Stati Uniti e vicepresidente dell&#8217;Associazione delle Organizzazioni dell&#8217;Olocausto, e di Sybil Milton, importante ricercatrice sull&#8217;Olocausto ed ex capo storico del Museo Memoriale dell&#8217;Olocausto degli Stati Uniti.<\/p>\n<p>Il libro e la storia della giovane Simone sono stati utilizzati per molti anni anche nel lavoro educativo della Fondazione Memorial to the Murdered Jews of Europe di Berlino<a href=\"https:\/\/www.verfolgung-von-jugendlichen-im-ns.de\/biographies\/simone-arnold\" target=\"_blank\" rel=\"noopener nofollow\">(https:\/\/www.verfolgung-von-jugendlichen-im-ns.de\/biographies\/simone-arnold)<\/a>. Sola Di Fronte Al Leone \u00e8 stato tradotto in numerose lingue ed \u00e8 anche utilizzato come lettura scolastica negli Stati Uniti, ad esempio. \u00c8 disponibile materiale didattico di accompagnamento.<\/p>\n<p>Qualche anno fa, Simone Arnold-Liebster ha anche lanciato un&#8217;iniziativa per la creazione di un memoriale per i Testimoni di Geova in Europa, perseguitati e uccisi sotto il nazionalsocialismo. L&#8217;iniziativa \u00e8 sostenuta da Uwe Neum\u00e4rker, direttore della Fondazione Memorial to the Murdered Jews of Europe, dal portavoce del Comitato consultivo della Fondazione Memorial, il professor Wolfgang Benz, da autorevoli storici del settore come i professori Detlef Garbe, Peter Steinbach e Johannes Tuchel, e da personaggi pubblici come Klaus von Dohnanyi, la cui stessa famiglia ha resistito al nazionalsocialismo ed \u00e8 stata perseguitata, e altri sopravvissuti e loro discendenti del gruppo delle vittime ebree e di quello dei Sinti e dei Rom, che hanno ricevuto aiuto dai Testimoni di Geova durante il nazionalsocialismo. Il 14 febbraio 2022, il Ministro della Cultura responsabile, Claudia Roth, ha dichiarato che il memoriale era &#8220;in ritardo&#8221; e che era &#8220;una sua particolare preoccupazione portare avanti rapidamente questo importante progetto di politica della memoria&#8221;.<\/p>\n\t\t\t\t\t\t\t\t<\/div>\n\t\t\t\t\t<\/div>\n\t\t<\/div>\n\t\t\t\t\t<\/div>\n\t\t<\/section>\n\t\t\t\t<section class=\"elementor-section elementor-top-section elementor-element elementor-element-55bb469 elementor-section-boxed elementor-section-height-default elementor-section-height-default\" data-id=\"55bb469\" data-element_type=\"section\" data-e-type=\"section\" data-settings=\"{&quot;jet_parallax_layout_list&quot;:[]}\">\n\t\t\t\t\t\t<div class=\"elementor-container elementor-column-gap-no\">\n\t\t\t\t\t<div class=\"elementor-column elementor-col-50 elementor-top-column elementor-element elementor-element-d300f38\" data-id=\"d300f38\" data-element_type=\"column\" data-e-type=\"column\">\n\t\t\t<div class=\"elementor-widget-wrap elementor-element-populated\">\n\t\t\t\t\t\t<div class=\"elementor-element elementor-element-46e9bb1 elementor-widget elementor-widget-text-editor\" data-id=\"46e9bb1\" data-element_type=\"widget\" data-e-type=\"widget\" data-widget_type=\"text-editor.default\">\n\t\t\t\t\t\t\t\t\t<p><img decoding=\"async\" class=\" wp-image-5457 alignleft\" src=\"https:\/\/alst.org\/wp-content\/uploads\/2022\/07\/adolphe-arnold-petit-1.jpg\" alt=\"\" width=\"90\" height=\"120\"><\/p>\n<h3>Adolphe Arnold<\/h3>\n<p><a href=\"https:\/\/alst.org\/it\/storia\/biografie-it\/biografia-breve-di-adolphe-arnold\/\">Biografia breve<\/a><\/p>\n<p><a href=\"https:\/\/alst.org\/geschichte\/biographien-2\/adolphe-arnold-biografie-uebersicht\/\">Biografia dettagliata<\/a><\/p>\n\t\t\t\t\t\t\t\t<\/div>\n\t\t\t\t\t<\/div>\n\t\t<\/div>\n\t\t\t\t<div class=\"elementor-column elementor-col-50 elementor-top-column elementor-element elementor-element-ab40b05\" data-id=\"ab40b05\" data-element_type=\"column\" data-e-type=\"column\">\n\t\t\t<div class=\"elementor-widget-wrap elementor-element-populated\">\n\t\t\t\t\t\t<div class=\"elementor-element elementor-element-fa9675a elementor-widget elementor-widget-text-editor\" data-id=\"fa9675a\" data-element_type=\"widget\" data-e-type=\"widget\" data-widget_type=\"text-editor.default\">\n\t\t\t\t\t\t\t\t\t<p><img decoding=\"async\" class=\"alignleft wp-image-4788\" src=\"https:\/\/alst.org\/wp-content\/uploads\/2022\/07\/emma-arnold-petit.jpg\" alt=\"\" width=\"90\" height=\"120\"><\/p>\n<h3>Emma Arnold<\/h3>\n<p><a href=\"https:\/\/alst.org\/it\/storia\/biografie-it\/biografia-breve-di-emma-arnold\/\">Biografia breve<\/a><\/p>\n<p><a href=\"https:\/\/alst.org\/geschichte\/biographien-2\/emma-arnold-biografie-1898-1979unerschoepflicher-mut\/\">Biografia dettagliata<\/a><\/p>\n\t\t\t\t\t\t\t\t<\/div>\n\t\t\t\t\t<\/div>\n\t\t<\/div>\n\t\t\t\t\t<\/div>\n\t\t<\/section>\n\t\t\t\t<section class=\"elementor-section elementor-top-section elementor-element elementor-element-d673c62 elementor-section-boxed elementor-section-height-default elementor-section-height-default\" data-id=\"d673c62\" data-element_type=\"section\" data-e-type=\"section\" data-settings=\"{&quot;jet_parallax_layout_list&quot;:[]}\">\n\t\t\t\t\t\t<div class=\"elementor-container elementor-column-gap-no\">\n\t\t\t\t\t<div class=\"make-column-clickable-elementor elementor-column elementor-col-50 elementor-top-column elementor-element elementor-element-4f5a39d\" style=\"cursor: pointer;\" data-column-clickable=\"https:\/\/alst.org\/geschichte\/biographien-2\/kurzbiographie-simone-arnold-liebster\/\" data-column-clickable-blank=\"_self\" data-id=\"4f5a39d\" data-element_type=\"column\" data-e-type=\"column\">\n\t\t\t<div class=\"elementor-widget-wrap elementor-element-populated\">\n\t\t\t\t\t\t<div class=\"elementor-element elementor-element-e161b4f elementor-widget elementor-widget-text-editor\" data-id=\"e161b4f\" data-element_type=\"widget\" data-e-type=\"widget\" data-widget_type=\"text-editor.default\">\n\t\t\t\t\t\t\t\t\t<p><img decoding=\"async\" class=\"alignleft wp-image-7729\" src=\"https:\/\/alst.org\/wp-content\/uploads\/2022\/08\/simone-liebster-petit-1.jpg\" alt=\"\" width=\"90\" height=\"120\"><\/p>\n<h3>Simone Arnold Liebster<\/h3>\n<p><a href=\"https:\/\/alst.org\/it\/storia\/biografie-it\/biografia-breve-di-simone-arnold-liebster\/\">Biografia breve<\/a><\/p>\n\t\t\t\t\t\t\t\t<\/div>\n\t\t\t\t\t<\/div>\n\t\t<\/div>\n\t\t\t\t<div class=\"make-column-clickable-elementor elementor-column elementor-col-50 elementor-top-column elementor-element elementor-element-2575b71\" style=\"cursor: pointer;\" data-column-clickable=\"https:\/\/alst.org\/geschichte\/biographien-2\/kurzbiographie-max-liebster\/\" data-column-clickable-blank=\"_self\" data-id=\"2575b71\" data-element_type=\"column\" data-e-type=\"column\">\n\t\t\t<div class=\"elementor-widget-wrap elementor-element-populated\">\n\t\t\t\t\t\t<div class=\"elementor-element elementor-element-a68ac4c elementor-widget elementor-widget-text-editor\" data-id=\"a68ac4c\" data-element_type=\"widget\" data-e-type=\"widget\" data-widget_type=\"text-editor.default\">\n\t\t\t\t\t\t\t\t\t<p><img loading=\"lazy\" decoding=\"async\" class=\"alignleft wp-image-7734\" src=\"https:\/\/alst.org\/wp-content\/uploads\/2022\/08\/max-liebster-petit-1.jpg\" alt=\"\" width=\"90\" height=\"120\"><\/p>\n<h3>Max Liebster<\/h3>\n<p><a href=\"https:\/\/alst.org\/it\/storia\/biografie-it\/biografia-breve-di-max-liebster\/\">Biografia breve<\/a><\/p>\n\t\t\t\t\t\t\t\t<\/div>\n\t\t\t\t\t<\/div>\n\t\t<\/div>\n\t\t\t\t\t<\/div>\n\t\t<\/section>\n\t\t\t\t<\/div>\n\t\t","protected":false},"excerpt":{"rendered":"<p>I fondatori Nata in Alsazia il 17 agosto 1930, Simone Arnold-Liebster apparteneva con i genitori a un gruppo di Testimoni di Geova a Mulhouse. Frequentare la scuola divenne una prova quotidiana dei loro principi dopo l&#8217;invasione tedesca del 1940: La propria coscienza doveva sollevarsi ogni giorno contro l&#8217;onnipresente coercizione. La &#8220;germanizzazione&#8221; dell&#8217;Alsazia trasform\u00f2 gli insegnanti [&hellip;]<\/p>\n","protected":false},"author":1,"featured_media":11029,"parent":0,"menu_order":0,"comment_status":"closed","ping_status":"closed","template":"elementor_header_footer","meta":{"inline_featured_image":false,"footnotes":""},"class_list":["post-7925","page","type-page","status-publish","has-post-thumbnail","hentry"],"_links":{"self":[{"href":"https:\/\/alst.org\/it\/wp-json\/wp\/v2\/pages\/7925","targetHints":{"allow":["GET"]}}],"collection":[{"href":"https:\/\/alst.org\/it\/wp-json\/wp\/v2\/pages"}],"about":[{"href":"https:\/\/alst.org\/it\/wp-json\/wp\/v2\/types\/page"}],"author":[{"embeddable":true,"href":"https:\/\/alst.org\/it\/wp-json\/wp\/v2\/users\/1"}],"replies":[{"embeddable":true,"href":"https:\/\/alst.org\/it\/wp-json\/wp\/v2\/comments?post=7925"}],"version-history":[{"count":8,"href":"https:\/\/alst.org\/it\/wp-json\/wp\/v2\/pages\/7925\/revisions"}],"predecessor-version":[{"id":11412,"href":"https:\/\/alst.org\/it\/wp-json\/wp\/v2\/pages\/7925\/revisions\/11412"}],"wp:featuredmedia":[{"embeddable":true,"href":"https:\/\/alst.org\/it\/wp-json\/wp\/v2\/media\/11029"}],"wp:attachment":[{"href":"https:\/\/alst.org\/it\/wp-json\/wp\/v2\/media?parent=7925"}],"curies":[{"name":"wp","href":"https:\/\/api.w.org\/{rel}","templated":true}]}}