{"id":8165,"date":"2022-08-02T12:59:08","date_gmt":"2022-08-02T12:59:08","guid":{"rendered":"https:\/\/alst.org\/histoire\/"},"modified":"2022-08-24T10:45:41","modified_gmt":"2022-08-24T10:45:41","slug":"histoire","status":"publish","type":"page","link":"https:\/\/alst.org\/fr\/histoire\/","title":{"rendered":"Histoire"},"content":{"rendered":"\t\t<div data-elementor-type=\"wp-page\" data-elementor-id=\"8165\" class=\"elementor elementor-8165 elementor-6956\" data-elementor-post-type=\"page\">\n\t\t\t\t\t\t<section class=\"elementor-section elementor-top-section elementor-element elementor-element-1a72cb2f elementor-section-boxed elementor-section-height-default elementor-section-height-default\" data-id=\"1a72cb2f\" data-element_type=\"section\" data-e-type=\"section\" data-settings=\"{&quot;jet_parallax_layout_list&quot;:[]}\">\n\t\t\t\t\t\t<div class=\"elementor-container elementor-column-gap-default\">\n\t\t\t\t\t<div class=\"elementor-column elementor-col-100 elementor-top-column elementor-element elementor-element-57281f92\" data-id=\"57281f92\" data-element_type=\"column\" data-e-type=\"column\">\n\t\t\t<div class=\"elementor-widget-wrap elementor-element-populated\">\n\t\t\t\t\t\t<div class=\"elementor-element elementor-element-354c2da0 elementor-widget elementor-widget-heading\" data-id=\"354c2da0\" data-element_type=\"widget\" data-e-type=\"widget\" data-widget_type=\"heading.default\">\n\t\t\t\t\t<h1 class=\"elementor-heading-title elementor-size-default\">Histoire<\/h1>\t\t\t\t<\/div>\n\t\t\t\t\t<\/div>\n\t\t<\/div>\n\t\t\t\t\t<\/div>\n\t\t<\/section>\n\t\t\t\t<section class=\"elementor-section elementor-top-section elementor-element elementor-element-668c3a97 elementor-section-boxed elementor-section-height-default elementor-section-height-default\" data-id=\"668c3a97\" data-element_type=\"section\" data-e-type=\"section\" data-settings=\"{&quot;jet_parallax_layout_list&quot;:[]}\">\n\t\t\t\t\t\t<div class=\"elementor-container elementor-column-gap-no\">\n\t\t\t\t\t<div class=\"elementor-column elementor-col-100 elementor-top-column elementor-element elementor-element-45e3130b\" data-id=\"45e3130b\" data-element_type=\"column\" data-e-type=\"column\">\n\t\t\t<div class=\"elementor-widget-wrap elementor-element-populated\">\n\t\t\t\t\t\t<div class=\"elementor-element elementor-element-4a68db20 elementor-widget elementor-widget-spacer\" data-id=\"4a68db20\" data-element_type=\"widget\" data-e-type=\"widget\" data-widget_type=\"spacer.default\">\n\t\t\t\t\t\t\t<div class=\"elementor-spacer\">\n\t\t\t<div class=\"elementor-spacer-inner\"><\/div>\n\t\t<\/div>\n\t\t\t\t\t\t<\/div>\n\t\t\t\t\t<\/div>\n\t\t<\/div>\n\t\t\t\t\t<\/div>\n\t\t<\/section>\n\t\t\t\t<section class=\"elementor-section elementor-top-section elementor-element elementor-element-12706353 elementor-section-boxed elementor-section-height-default elementor-section-height-default\" data-id=\"12706353\" data-element_type=\"section\" data-e-type=\"section\" data-settings=\"{&quot;jet_parallax_layout_list&quot;:[]}\">\n\t\t\t\t\t\t<div class=\"elementor-container elementor-column-gap-default\">\n\t\t\t\t\t<div class=\"elementor-column elementor-col-100 elementor-top-column elementor-element elementor-element-111478ca\" data-id=\"111478ca\" data-element_type=\"column\" data-e-type=\"column\">\n\t\t\t<div class=\"elementor-widget-wrap elementor-element-populated\">\n\t\t\t\t\t\t<div class=\"elementor-element elementor-element-5ad2c828 elementor-widget elementor-widget-text-editor\" data-id=\"5ad2c828\" data-element_type=\"widget\" data-e-type=\"widget\" data-widget_type=\"text-editor.default\">\n\t\t\t\t\t\t\t\t\t<h2>Aper\u00e7u historique &#8211; Pers\u00e9cution des T\u00e9moins de J\u00e9hovah<\/h2><p>La communaut\u00e9 religieuse chr\u00e9tienne des T\u00e9moins de J\u00e9hovah, \u00e9galement appel\u00e9e Etudiants bibliques internationaux, a \u00e9t\u00e9 pers\u00e9cut\u00e9e d\u00e8s le d\u00e9but par le national-socialisme et a \u00e9t\u00e9 la premi\u00e8re communaut\u00e9 religieuse \u00e0 \u00eatre interdite en 1933. Les nationaux-socialistes utilisaient principalement le terme d&rsquo;Etudiants de la Bible, car ils d\u00e9testaient le nom juif de Dieu, J\u00e9hovah, et les r\u00e9f\u00e9rences \u00e0 la Bible en h\u00e9breu.<\/p><p>Les T\u00e9moins de J\u00e9hovah ont oppos\u00e9 une r\u00e9sistance religieuse \u00e0 la dictature en refusant de faire le salut hitl\u00e9rien, d&rsquo;adh\u00e9rer \u00e0 des organisations nazies et de participer \u00e0 la guerre, \u00e0 la violence et \u00e0 la production d&rsquo;armements, en se solidarisant avec d&rsquo;autres groupes de victimes et en informant publiquement sur le caract\u00e8re criminel du nazisme.<\/p><p>Les T\u00e9moins de J\u00e9hovah ont \u00e9t\u00e9 syst\u00e9matiquement pers\u00e9cut\u00e9s dans le Reich allemand et dans une grande partie de l&rsquo;Europe domin\u00e9e par le national-socialisme. Plus de la moiti\u00e9 des membres de la communaut\u00e9 religieuse &#8211; au moins 10 700 T\u00e9moins de J\u00e9hovah allemands et 2 700 originaires des pays europ\u00e9ens occup\u00e9s, autant de femmes que d&rsquo;hommes &#8211; ont subi des pers\u00e9cutions directes, le plus souvent sous forme d&#8217;emprisonnement. Environ 2.800 T\u00e9moins de J\u00e9hovah d&rsquo;Allemagne et 1.400 autres de l&rsquo;Europe occup\u00e9e par le nazisme ont \u00e9t\u00e9 d\u00e9tenus dans des camps de concentration. Ils y \u00e9taient stigmatis\u00e9s par un signe distinctif, le \u00ab\u00a0coin violet\u00a0\u00bb, et faisaient partie des plus grands groupes de d\u00e9tenus dans les premiers camps de concentration. 1.250 des personnes pers\u00e9cut\u00e9es \u00e9taient mineures, 600 enfants ont \u00e9t\u00e9 enlev\u00e9s \u00e0 leurs parents par l&rsquo;\u00c9tat nazi.<\/p><p>Au moins 1 700 T\u00e9moins de J\u00e9hovah ont perdu la vie sous la tyrannie nazie.<\/p><p>Parmi eux, les 282 T\u00e9moins de J\u00e9hovah ex\u00e9cut\u00e9s pour objection de conscience. Cinquante-cinq autres objecteurs de conscience ont trouv\u00e9 la mort en d\u00e9tention ou dans des unit\u00e9s p\u00e9nales. Il s&rsquo;agit du plus grand groupe d&rsquo;objecteurs de conscience sous le r\u00e9gime national-socialiste. L&rsquo;inscription du droit fondamental \u00e0 l&rsquo;objection de conscience dans la Loi fondamentale de la R\u00e9publique f\u00e9d\u00e9rale d&rsquo;Allemagne est essentiellement due \u00e0 la reconnaissance de ces victimes assassin\u00e9es.<br>T\u00e9moins de J\u00e9hovah au Conseil parlementaire.<\/p><h2><span style=\"font-weight: 400;\">Aper\u00e7u historique &#8211; Pers\u00e9cution des familles Arnold et Liebster<\/span><\/h2><p><span style=\"font-weight: 400;\">N\u00e9e le 17 ao\u00fbt 1930 en Alsace, Simone Arnold-Liebster faisait partie avec ses parents d&rsquo;un groupe de T\u00e9moins de J\u00e9hovah \u00e0 Mulhouse. Depuis l&rsquo;invasion allemande de 1940, la fr\u00e9quentation de l&rsquo;\u00e9cole est devenue un test quotidien de leurs principes : Chaque jour, leur conscience devait s&rsquo;\u00e9lever contre la contrainte omnipr\u00e9sente. La \u00ab\u00a0germanisation\u00a0\u00bb de l&rsquo;Alsace a transform\u00e9 les enseignants en nationaux-socialistes fanatiques. Simone Arnold-Liebster a \u00e9t\u00e9 maltrait\u00e9e psychiquement et physiquement, renvoy\u00e9e de l&rsquo;\u00e9cole secondaire, finalement arrach\u00e9e \u00e0 sa m\u00e8re en avril 1943 et d\u00e9port\u00e9e dans une maison d&rsquo;\u00e9ducation nazie \u00e0 Constance. Elle a d\u00fb y effectuer des travaux forc\u00e9s et endurer des mauvais traitements psychologiques. Si la lib\u00e9ration n&rsquo;\u00e9tait pas intervenue, elle aurait \u00e9t\u00e9 transf\u00e9r\u00e9e dans un camp de concentration \u00e0 l&rsquo;\u00e2ge de 15 ans. <\/span><\/p><p><span style=\"font-weight: 400;\">L&rsquo;ami le plus proche de Simone Arnold-Liebster, Marcel Sutter, a \u00e9t\u00e9 d\u00e9capit\u00e9 \u00e0 l&rsquo;\u00e2ge de 24 ans le 5 novembre 1943 \u00e0 Halle pour objection de conscience. Le p\u00e8re de Simone, Adolphe Arnold, a connu les camps de concentration de Schirmeck, Dachau, Mauthausen et Ebensee depuis son arrestation par la Gestapo en septembre 1941, et sa m\u00e8re, Emma Arnold, les camps de concentration de Schirmeck et Gaggenau depuis 1943. C&rsquo;est l\u00e0 qu&rsquo;elle a sauv\u00e9 la vie d&rsquo;autres personnes au p\u00e9ril de sa vie, comme la r\u00e9sistante Louise Blazer, qui a ensuite \u00e9t\u00e9 reconnue comme \u00ab\u00a0Juste parmi les nations\u00a0\u00bb. Adolphe et Emma Arnold sont rest\u00e9s toute leur vie marqu\u00e9s par la d\u00e9tention et la torture, mais engag\u00e9s dans une voie de r\u00e9conciliation et d&rsquo;humanit\u00e9. <\/span><\/p><p><span style=\"font-weight: 400;\">N\u00e9 le 15 f\u00e9vrier 1915 \u00e0 Reichenbach im Odenwald et d\u00e9c\u00e9d\u00e9 le 28 mai 2008 \u00e0 Aix-les-Bains, Max Liebster, avec lequel Simone Arnold-Liebster \u00e9tait mari\u00e9e depuis 1956, \u00e9tait issu d&rsquo;une famille juive. Beaucoup de membres de sa famille ont \u00e9t\u00e9 assassin\u00e9s. Max a surv\u00e9cu aux camps de concentration et d&rsquo;extermination de Sachsenhausen, Neuengamme, Auschwitz et Buchenwald. <\/span><\/p>\t\t\t\t\t\t\t\t<\/div>\n\t\t\t\t\t<\/div>\n\t\t<\/div>\n\t\t\t\t\t<\/div>\n\t\t<\/section>\n\t\t\t\t<section class=\"elementor-section elementor-top-section elementor-element elementor-element-78baed73 elementor-section-boxed elementor-section-height-default elementor-section-height-default\" data-id=\"78baed73\" data-element_type=\"section\" data-e-type=\"section\" data-settings=\"{&quot;jet_parallax_layout_list&quot;:[]}\">\n\t\t\t\t\t\t<div class=\"elementor-container elementor-column-gap-default\">\n\t\t\t\t\t<div class=\"make-column-clickable-elementor elementor-column elementor-col-33 elementor-top-column elementor-element elementor-element-2c979bfa\" style=\"cursor: pointer;\" data-column-clickable=\"https:\/\/alst.org\/biographien\/\" data-column-clickable-blank=\"_self\" data-id=\"2c979bfa\" data-element_type=\"column\" data-e-type=\"column\" data-settings=\"{&quot;background_background&quot;:&quot;classic&quot;}\">\n\t\t\t<div class=\"elementor-widget-wrap elementor-element-populated\">\n\t\t\t\t\t<div class=\"elementor-background-overlay\"><\/div>\n\t\t\t\t\t\t<div class=\"elementor-element elementor-element-5faa1ea5 elementor-widget elementor-widget-heading\" data-id=\"5faa1ea5\" data-element_type=\"widget\" data-e-type=\"widget\" data-widget_type=\"heading.default\">\n\t\t\t\t\t<h2 class=\"elementor-heading-title elementor-size-default\"><a href=\"https:\/\/alst.org\/biographien\/\">Biographies<\/a><\/h2>\t\t\t\t<\/div>\n\t\t\t\t\t<\/div>\n\t\t<\/div>\n\t\t\t\t<div class=\"make-column-clickable-elementor elementor-column elementor-col-33 elementor-top-column elementor-element elementor-element-451d38a3\" style=\"cursor: pointer;\" data-column-clickable=\"https:\/\/alst.org\/kategorie\/geschichte\/stimmen-von-historikern\/\" data-column-clickable-blank=\"_self\" data-id=\"451d38a3\" data-element_type=\"column\" data-e-type=\"column\" data-settings=\"{&quot;background_background&quot;:&quot;classic&quot;}\">\n\t\t\t<div class=\"elementor-widget-wrap elementor-element-populated\">\n\t\t\t\t\t<div class=\"elementor-background-overlay\"><\/div>\n\t\t\t\t\t\t<div class=\"elementor-element elementor-element-36b0f14a elementor-widget elementor-widget-heading\" data-id=\"36b0f14a\" data-element_type=\"widget\" data-e-type=\"widget\" data-widget_type=\"heading.default\">\n\t\t\t\t\t<h2 class=\"elementor-heading-title elementor-size-default\"><a href=\"https:\/\/alst.org\/kategorie\/geschichte\/stimmen-von-historikern\/\">Voix d'historiens<\/a><\/h2>\t\t\t\t<\/div>\n\t\t\t\t\t<\/div>\n\t\t<\/div>\n\t\t\t\t<div class=\"make-column-clickable-elementor elementor-column elementor-col-33 elementor-top-column elementor-element elementor-element-2f0f30c1\" style=\"cursor: pointer;\" data-column-clickable=\"https:\/\/alst.org\/kategorie\/geschichte\/stimmen-von-zeitgenossen\/\" data-column-clickable-blank=\"_self\" data-id=\"2f0f30c1\" data-element_type=\"column\" data-e-type=\"column\" data-settings=\"{&quot;background_background&quot;:&quot;classic&quot;}\">\n\t\t\t<div class=\"elementor-widget-wrap elementor-element-populated\">\n\t\t\t\t\t<div class=\"elementor-background-overlay\"><\/div>\n\t\t\t\t\t\t<div class=\"elementor-element elementor-element-16c602e elementor-widget elementor-widget-heading\" data-id=\"16c602e\" data-element_type=\"widget\" data-e-type=\"widget\" data-widget_type=\"heading.default\">\n\t\t\t\t\t<h2 class=\"elementor-heading-title elementor-size-default\"><a href=\"https:\/\/alst.org\/kategorie\/geschichte\/stimmen-von-zeitgenossen\/\">Voix de contemporains<\/a><\/h2>\t\t\t\t<\/div>\n\t\t\t\t\t<\/div>\n\t\t<\/div>\n\t\t\t\t\t<\/div>\n\t\t<\/section>\n\t\t\t\t<section class=\"elementor-section elementor-top-section elementor-element elementor-element-3e2b018e elementor-section-boxed elementor-section-height-default elementor-section-height-default\" data-id=\"3e2b018e\" data-element_type=\"section\" data-e-type=\"section\" data-settings=\"{&quot;jet_parallax_layout_list&quot;:[]}\">\n\t\t\t\t\t\t<div class=\"elementor-container elementor-column-gap-default\">\n\t\t\t\t\t<div class=\"make-column-clickable-elementor elementor-column elementor-col-33 elementor-top-column elementor-element elementor-element-55f83d08\" style=\"cursor: pointer;\" data-column-clickable=\"https:\/\/alst.org\/ereignisse\/\" data-column-clickable-blank=\"_self\" data-id=\"55f83d08\" data-element_type=\"column\" data-e-type=\"column\" data-settings=\"{&quot;background_background&quot;:&quot;classic&quot;}\">\n\t\t\t<div class=\"elementor-widget-wrap elementor-element-populated\">\n\t\t\t\t\t<div class=\"elementor-background-overlay\"><\/div>\n\t\t\t\t\t\t<div class=\"elementor-element elementor-element-23b9e509 elementor-widget elementor-widget-heading\" data-id=\"23b9e509\" data-element_type=\"widget\" data-e-type=\"widget\" data-widget_type=\"heading.default\">\n\t\t\t\t\t<h2 class=\"elementor-heading-title elementor-size-default\"><a href=\"https:\/\/alst.org\/ereignisse\/\">\u00c9v\u00e9nements<\/a><\/h2>\t\t\t\t<\/div>\n\t\t\t\t\t<\/div>\n\t\t<\/div>\n\t\t\t\t<div class=\"make-column-clickable-elementor elementor-column elementor-col-33 elementor-top-column elementor-element elementor-element-59bb97f8\" style=\"cursor: pointer;\" data-column-clickable=\"https:\/\/alst.org\/bildung\/fachliteratur\/\" data-column-clickable-blank=\"_self\" data-id=\"59bb97f8\" data-element_type=\"column\" data-e-type=\"column\" data-settings=\"{&quot;background_background&quot;:&quot;classic&quot;}\">\n\t\t\t<div class=\"elementor-widget-wrap elementor-element-populated\">\n\t\t\t\t\t<div class=\"elementor-background-overlay\"><\/div>\n\t\t\t\t\t\t<div class=\"elementor-element elementor-element-7b638d2c elementor-widget elementor-widget-heading\" data-id=\"7b638d2c\" data-element_type=\"widget\" data-e-type=\"widget\" data-widget_type=\"heading.default\">\n\t\t\t\t\t<h2 class=\"elementor-heading-title elementor-size-default\"><a href=\"https:\/\/alst.org\/bildung\/fachliteratur\/\">Contributions \u00e0 la recherche<\/a><\/h2>\t\t\t\t<\/div>\n\t\t\t\t\t<\/div>\n\t\t<\/div>\n\t\t\t\t<div class=\"make-column-clickable-elementor elementor-column elementor-col-33 elementor-top-column elementor-element elementor-element-3dc50ea5\" style=\"cursor: pointer;\" data-column-clickable=\"https:\/\/alst.org\/zeitzeugeninterviews\/\" data-column-clickable-blank=\"_self\" data-id=\"3dc50ea5\" data-element_type=\"column\" data-e-type=\"column\" data-settings=\"{&quot;background_background&quot;:&quot;classic&quot;}\">\n\t\t\t<div class=\"elementor-widget-wrap elementor-element-populated\">\n\t\t\t\t\t<div class=\"elementor-background-overlay\"><\/div>\n\t\t\t\t\t\t<div class=\"elementor-element elementor-element-e810ef3 elementor-widget elementor-widget-heading\" data-id=\"e810ef3\" data-element_type=\"widget\" data-e-type=\"widget\" data-widget_type=\"heading.default\">\n\t\t\t\t\t<h2 class=\"elementor-heading-title elementor-size-default\"><a href=\"https:\/\/alst.org\/zeitzeugeninterviews\/\">Interview de t\u00e9moins de l'histoire<\/a><\/h2>\t\t\t\t<\/div>\n\t\t\t\t\t<\/div>\n\t\t<\/div>\n\t\t\t\t\t<\/div>\n\t\t<\/section>\n\t\t\t\t<\/div>\n\t\t","protected":false},"excerpt":{"rendered":"<p>Histoire Aper\u00e7u historique &#8211; Pers\u00e9cution des T\u00e9moins de J\u00e9hovah La communaut\u00e9 religieuse chr\u00e9tienne des T\u00e9moins de J\u00e9hovah, \u00e9galement appel\u00e9e Etudiants bibliques internationaux, a \u00e9t\u00e9 pers\u00e9cut\u00e9e d\u00e8s le d\u00e9but par le national-socialisme et a \u00e9t\u00e9 la premi\u00e8re communaut\u00e9 religieuse \u00e0 \u00eatre interdite en 1933. Les nationaux-socialistes utilisaient principalement le terme d&rsquo;Etudiants de la Bible, car ils [&hellip;]<\/p>\n","protected":false},"author":1,"featured_media":11029,"parent":0,"menu_order":0,"comment_status":"closed","ping_status":"closed","template":"elementor_header_footer","meta":{"inline_featured_image":false,"footnotes":""},"class_list":["post-8165","page","type-page","status-publish","has-post-thumbnail","hentry"],"_links":{"self":[{"href":"https:\/\/alst.org\/fr\/wp-json\/wp\/v2\/pages\/8165","targetHints":{"allow":["GET"]}}],"collection":[{"href":"https:\/\/alst.org\/fr\/wp-json\/wp\/v2\/pages"}],"about":[{"href":"https:\/\/alst.org\/fr\/wp-json\/wp\/v2\/types\/page"}],"author":[{"embeddable":true,"href":"https:\/\/alst.org\/fr\/wp-json\/wp\/v2\/users\/1"}],"replies":[{"embeddable":true,"href":"https:\/\/alst.org\/fr\/wp-json\/wp\/v2\/comments?post=8165"}],"version-history":[{"count":10,"href":"https:\/\/alst.org\/fr\/wp-json\/wp\/v2\/pages\/8165\/revisions"}],"predecessor-version":[{"id":10702,"href":"https:\/\/alst.org\/fr\/wp-json\/wp\/v2\/pages\/8165\/revisions\/10702"}],"wp:featuredmedia":[{"embeddable":true,"href":"https:\/\/alst.org\/fr\/wp-json\/wp\/v2\/media\/11029"}],"wp:attachment":[{"href":"https:\/\/alst.org\/fr\/wp-json\/wp\/v2\/media?parent=8165"}],"curies":[{"name":"wp","href":"https:\/\/api.w.org\/{rel}","templated":true}]}}