{"id":8086,"date":"2022-08-02T12:23:17","date_gmt":"2022-08-02T12:23:17","guid":{"rendered":"https:\/\/alst.org\/documents\/"},"modified":"2022-08-09T13:24:43","modified_gmt":"2022-08-09T13:24:43","slug":"documents","status":"publish","type":"page","link":"https:\/\/alst.org\/fr\/documents\/","title":{"rendered":"Documents"},"content":{"rendered":"\t\t<div data-elementor-type=\"wp-page\" data-elementor-id=\"8086\" class=\"elementor elementor-8086 elementor-6873\" data-elementor-post-type=\"page\">\n\t\t\t\t\t\t<section class=\"elementor-section elementor-top-section elementor-element elementor-element-4ecb9745 elementor-section-boxed elementor-section-height-default elementor-section-height-default\" data-id=\"4ecb9745\" data-element_type=\"section\" data-e-type=\"section\" data-settings=\"{&quot;jet_parallax_layout_list&quot;:[]}\">\n\t\t\t\t\t\t<div class=\"elementor-container elementor-column-gap-default\">\n\t\t\t\t\t<div class=\"elementor-column elementor-col-100 elementor-top-column elementor-element elementor-element-3f2015fd\" data-id=\"3f2015fd\" data-element_type=\"column\" data-e-type=\"column\">\n\t\t\t<div class=\"elementor-widget-wrap elementor-element-populated\">\n\t\t\t\t\t\t<div class=\"elementor-element elementor-element-1e0c6493 elementor-widget elementor-widget-heading\" data-id=\"1e0c6493\" data-element_type=\"widget\" data-e-type=\"widget\" data-widget_type=\"heading.default\">\n\t\t\t\t\t<h1 class=\"elementor-heading-title elementor-size-default\">Documents<\/h1>\t\t\t\t<\/div>\n\t\t\t\t\t<\/div>\n\t\t<\/div>\n\t\t\t\t\t<\/div>\n\t\t<\/section>\n\t\t\t\t<section class=\"elementor-section elementor-top-section elementor-element elementor-element-2152d806 elementor-section-boxed elementor-section-height-default elementor-section-height-default\" data-id=\"2152d806\" data-element_type=\"section\" data-e-type=\"section\" data-settings=\"{&quot;jet_parallax_layout_list&quot;:[]}\">\n\t\t\t\t\t\t<div class=\"elementor-container elementor-column-gap-no\">\n\t\t\t\t\t<div class=\"elementor-column elementor-col-100 elementor-top-column elementor-element elementor-element-4808737c\" data-id=\"4808737c\" data-element_type=\"column\" data-e-type=\"column\">\n\t\t\t<div class=\"elementor-widget-wrap elementor-element-populated\">\n\t\t\t\t\t\t<div class=\"elementor-element elementor-element-12a0cf31 elementor-widget elementor-widget-spacer\" data-id=\"12a0cf31\" data-element_type=\"widget\" data-e-type=\"widget\" data-widget_type=\"spacer.default\">\n\t\t\t\t\t\t\t<div class=\"elementor-spacer\">\n\t\t\t<div class=\"elementor-spacer-inner\"><\/div>\n\t\t<\/div>\n\t\t\t\t\t\t<\/div>\n\t\t\t\t\t<\/div>\n\t\t<\/div>\n\t\t\t\t\t<\/div>\n\t\t<\/section>\n\t\t\t\t<section class=\"elementor-section elementor-top-section elementor-element elementor-element-37ec1948 elementor-section-boxed elementor-section-height-default elementor-section-height-default\" data-id=\"37ec1948\" data-element_type=\"section\" data-e-type=\"section\" data-settings=\"{&quot;jet_parallax_layout_list&quot;:[]}\">\n\t\t\t\t\t\t<div class=\"elementor-container elementor-column-gap-default\">\n\t\t\t\t\t<div class=\"elementor-column elementor-col-100 elementor-top-column elementor-element elementor-element-131dce8c\" data-id=\"131dce8c\" data-element_type=\"column\" data-e-type=\"column\">\n\t\t\t<div class=\"elementor-widget-wrap elementor-element-populated\">\n\t\t\t\t\t\t<div class=\"elementor-element elementor-element-101329ce elementor-widget elementor-widget-text-editor\" data-id=\"101329ce\" data-element_type=\"widget\" data-e-type=\"widget\" data-widget_type=\"text-editor.default\">\n\t\t\t\t\t\t\t\t\t<p>La confrontation avec les sources est au c\u0153ur du travail d&rsquo;\u00e9ducation historique et de la recherche. Les textes, les objets mat\u00e9riels, les <a href=\"https:\/\/alst.org\/fr\/education-fr\/videos-fr\/films-et-videos\/\">enregistrements audiovisuels<\/a> et autres sources t\u00e9moignent du pass\u00e9. Mais leur signification ne va pas de soi. Nous les faisons parler en les abordant en connaissance de cause, en leur posant des questions.<\/p><p>Dans cette section, nous mettons continuellement \u00e0 disposition des documents importants sur l&rsquo;histoire de la pers\u00e9cution et de la r\u00e9sistance de la communaut\u00e9 chr\u00e9tienne des T\u00e9moins de J\u00e9hovah. Un accent particulier est mis sur la pers\u00e9cution des enfants et des jeunes sous le nazisme. Des classifications historiques et des textes d&rsquo;accompagnement informent sur les contextes et la signification des documents.<\/p>\t\t\t\t\t\t\t\t<\/div>\n\t\t\t\t\t<\/div>\n\t\t<\/div>\n\t\t\t\t\t<\/div>\n\t\t<\/section>\n\t\t\t\t<section class=\"elementor-section elementor-top-section elementor-element elementor-element-7fe447a9 elementor-section-boxed elementor-section-height-default elementor-section-height-default\" data-id=\"7fe447a9\" data-element_type=\"section\" data-e-type=\"section\" data-settings=\"{&quot;jet_parallax_layout_list&quot;:[]}\">\n\t\t\t\t\t\t<div class=\"elementor-container elementor-column-gap-default\">\n\t\t\t\t\t<div class=\"make-column-clickable-elementor elementor-column elementor-col-33 elementor-top-column elementor-element elementor-element-1fb2ae70\" style=\"cursor: pointer;\" data-column-clickable=\"https:\/\/alst.org\/kategorie\/dokumente\/ausstellungsobjekte\/\" data-column-clickable-blank=\"_self\" data-id=\"1fb2ae70\" data-element_type=\"column\" data-e-type=\"column\" data-settings=\"{&quot;background_background&quot;:&quot;classic&quot;}\">\n\t\t\t<div class=\"elementor-widget-wrap elementor-element-populated\">\n\t\t\t\t\t<div class=\"elementor-background-overlay\"><\/div>\n\t\t\t\t\t\t<div class=\"elementor-element elementor-element-3495a1d9 elementor-widget elementor-widget-heading\" data-id=\"3495a1d9\" data-element_type=\"widget\" data-e-type=\"widget\" data-widget_type=\"heading.default\">\n\t\t\t\t\t<h2 class=\"elementor-heading-title elementor-size-default\"><a href=\"https:\/\/alst.org\/kategorie\/dokumente\/ausstellungsobjekte\/\">Objets d'exposition<\/a><\/h2>\t\t\t\t<\/div>\n\t\t\t\t\t<\/div>\n\t\t<\/div>\n\t\t\t\t<div class=\"make-column-clickable-elementor elementor-column elementor-col-33 elementor-top-column elementor-element elementor-element-52ff9d22\" style=\"cursor: pointer;\" data-column-clickable=\"https:\/\/alst.org\/kategorie\/dokumente\/verfolgung-von-kindern-und-jugendlichen\/\" data-column-clickable-blank=\"_self\" data-id=\"52ff9d22\" data-element_type=\"column\" data-e-type=\"column\" data-settings=\"{&quot;background_background&quot;:&quot;classic&quot;}\">\n\t\t\t<div class=\"elementor-widget-wrap elementor-element-populated\">\n\t\t\t\t\t<div class=\"elementor-background-overlay\"><\/div>\n\t\t\t\t\t\t<div class=\"elementor-element elementor-element-4d530b57 elementor-widget elementor-widget-heading\" data-id=\"4d530b57\" data-element_type=\"widget\" data-e-type=\"widget\" data-widget_type=\"heading.default\">\n\t\t\t\t\t<h2 class=\"elementor-heading-title elementor-size-default\"><a href=\"https:\/\/alst.org\/kategorie\/dokumente\/verfolgung-von-kindern-und-jugendlichen\/\">Pers\u00e9cution des enfants et des adolescents<\/a><\/h2>\t\t\t\t<\/div>\n\t\t\t\t\t<\/div>\n\t\t<\/div>\n\t\t\t\t<div class=\"make-column-clickable-elementor elementor-column elementor-col-33 elementor-top-column elementor-element elementor-element-63bfb591\" style=\"cursor: pointer;\" data-column-clickable=\"https:\/\/alst.org\/kategorie\/dokumente\/zeugnisse-des-widerstands\/\" data-column-clickable-blank=\"_self\" data-id=\"63bfb591\" data-element_type=\"column\" data-e-type=\"column\" data-settings=\"{&quot;background_background&quot;:&quot;classic&quot;}\">\n\t\t\t<div class=\"elementor-widget-wrap elementor-element-populated\">\n\t\t\t\t\t<div class=\"elementor-background-overlay\"><\/div>\n\t\t\t\t\t\t<div class=\"elementor-element elementor-element-30799410 elementor-widget elementor-widget-heading\" data-id=\"30799410\" data-element_type=\"widget\" data-e-type=\"widget\" data-widget_type=\"heading.default\">\n\t\t\t\t\t<h2 class=\"elementor-heading-title elementor-size-default\"><a href=\"https:\/\/alst.org\/kategorie\/dokumente\/zeugnisse-des-widerstands\/\">T\u00e9moignages de r\u00e9sistance<\/a><\/h2>\t\t\t\t<\/div>\n\t\t\t\t\t<\/div>\n\t\t<\/div>\n\t\t\t\t\t<\/div>\n\t\t<\/section>\n\t\t\t\t<\/div>\n\t\t","protected":false},"excerpt":{"rendered":"<p>Documents La confrontation avec les sources est au c\u0153ur du travail d&rsquo;\u00e9ducation historique et de la recherche. Les textes, les objets mat\u00e9riels, les enregistrements audiovisuels et autres sources t\u00e9moignent du pass\u00e9. Mais leur signification ne va pas de soi. Nous les faisons parler en les abordant en connaissance de cause, en leur posant des questions. [&hellip;]<\/p>\n","protected":false},"author":1,"featured_media":11029,"parent":0,"menu_order":0,"comment_status":"closed","ping_status":"closed","template":"elementor_header_footer","meta":{"inline_featured_image":false,"footnotes":""},"class_list":["post-8086","page","type-page","status-publish","has-post-thumbnail","hentry"],"_links":{"self":[{"href":"https:\/\/alst.org\/fr\/wp-json\/wp\/v2\/pages\/8086","targetHints":{"allow":["GET"]}}],"collection":[{"href":"https:\/\/alst.org\/fr\/wp-json\/wp\/v2\/pages"}],"about":[{"href":"https:\/\/alst.org\/fr\/wp-json\/wp\/v2\/types\/page"}],"author":[{"embeddable":true,"href":"https:\/\/alst.org\/fr\/wp-json\/wp\/v2\/users\/1"}],"replies":[{"embeddable":true,"href":"https:\/\/alst.org\/fr\/wp-json\/wp\/v2\/comments?post=8086"}],"version-history":[{"count":9,"href":"https:\/\/alst.org\/fr\/wp-json\/wp\/v2\/pages\/8086\/revisions"}],"predecessor-version":[{"id":8575,"href":"https:\/\/alst.org\/fr\/wp-json\/wp\/v2\/pages\/8086\/revisions\/8575"}],"wp:featuredmedia":[{"embeddable":true,"href":"https:\/\/alst.org\/fr\/wp-json\/wp\/v2\/media\/11029"}],"wp:attachment":[{"href":"https:\/\/alst.org\/fr\/wp-json\/wp\/v2\/media?parent=8086"}],"curies":[{"name":"wp","href":"https:\/\/api.w.org\/{rel}","templated":true}]}}