{"id":7953,"date":"2021-08-06T13:39:21","date_gmt":"2021-08-06T13:39:21","guid":{"rendered":"https:\/\/alst.org\/a-propos-de-nous\/"},"modified":"2022-09-02T19:54:03","modified_gmt":"2022-09-02T19:54:03","slug":"a-propos-de-nous","status":"publish","type":"page","link":"https:\/\/alst.org\/fr\/a-propos-de-nous\/","title":{"rendered":"\u00c0 propos de nous"},"content":{"rendered":"\t\t<div data-elementor-type=\"wp-page\" data-elementor-id=\"7953\" class=\"elementor elementor-7953 elementor-22\" data-elementor-post-type=\"page\">\n\t\t\t\t\t\t<section class=\"elementor-section elementor-top-section elementor-element elementor-element-6aeab0d9 elementor-section-boxed elementor-section-height-default elementor-section-height-default\" data-id=\"6aeab0d9\" data-element_type=\"section\" data-e-type=\"section\" data-settings=\"{&quot;jet_parallax_layout_list&quot;:[]}\">\n\t\t\t\t\t\t<div class=\"elementor-container elementor-column-gap-default\">\n\t\t\t\t\t<div class=\"elementor-column elementor-col-100 elementor-top-column elementor-element elementor-element-2150716\" data-id=\"2150716\" data-element_type=\"column\" data-e-type=\"column\">\n\t\t\t<div class=\"elementor-widget-wrap elementor-element-populated\">\n\t\t\t\t\t\t<div class=\"elementor-element elementor-element-6bd25a10 elementor-widget elementor-widget-heading\" data-id=\"6bd25a10\" data-element_type=\"widget\" data-e-type=\"widget\" data-widget_type=\"heading.default\">\n\t\t\t\t\t<h1 class=\"elementor-heading-title elementor-size-default\">\u00c0 propos de nous<\/h1>\t\t\t\t<\/div>\n\t\t\t\t\t<\/div>\n\t\t<\/div>\n\t\t\t\t\t<\/div>\n\t\t<\/section>\n\t\t\t\t<section class=\"elementor-section elementor-top-section elementor-element elementor-element-39367f3a elementor-section-boxed elementor-section-height-default elementor-section-height-default\" data-id=\"39367f3a\" data-element_type=\"section\" data-e-type=\"section\" data-settings=\"{&quot;jet_parallax_layout_list&quot;:[]}\">\n\t\t\t\t\t\t<div class=\"elementor-container elementor-column-gap-no\">\n\t\t\t\t\t<div class=\"elementor-column elementor-col-100 elementor-top-column elementor-element elementor-element-6aff0348\" data-id=\"6aff0348\" data-element_type=\"column\" data-e-type=\"column\">\n\t\t\t<div class=\"elementor-widget-wrap elementor-element-populated\">\n\t\t\t\t\t\t<div class=\"elementor-element elementor-element-18c6f1e4 elementor-widget elementor-widget-spacer\" data-id=\"18c6f1e4\" data-element_type=\"widget\" data-e-type=\"widget\" data-widget_type=\"spacer.default\">\n\t\t\t\t\t\t\t<div class=\"elementor-spacer\">\n\t\t\t<div class=\"elementor-spacer-inner\"><\/div>\n\t\t<\/div>\n\t\t\t\t\t\t<\/div>\n\t\t\t\t\t<\/div>\n\t\t<\/div>\n\t\t\t\t\t<\/div>\n\t\t<\/section>\n\t\t\t\t<section class=\"elementor-section elementor-top-section elementor-element elementor-element-e083539 elementor-section-boxed elementor-section-height-default elementor-section-height-default\" data-id=\"e083539\" data-element_type=\"section\" data-e-type=\"section\" data-settings=\"{&quot;jet_parallax_layout_list&quot;:[]}\">\n\t\t\t\t\t\t<div class=\"elementor-container elementor-column-gap-default\">\n\t\t\t\t\t<div class=\"elementor-column elementor-col-100 elementor-top-column elementor-element elementor-element-36de0a80\" data-id=\"36de0a80\" data-element_type=\"column\" data-e-type=\"column\">\n\t\t\t<div class=\"elementor-widget-wrap elementor-element-populated\">\n\t\t\t\t\t\t<div class=\"elementor-element elementor-element-7079397c elementor-widget elementor-widget-text-editor\" data-id=\"7079397c\" data-element_type=\"widget\" data-e-type=\"widget\" data-widget_type=\"text-editor.default\">\n\t\t\t\t\t\t\t\t\t<p>\u00ab En quoi consistait cette \u00ab r\u00e9sistance morale \u00bb qui nous permit de tenir ferme face \u00e0 un Etat tyrannique ? Dessin de Simone Arnold, 12 ans, soumise \u00e0 un interrogatoire en mars 1943 \u00e0 Mulhouse, AlsaceOpposer \u00e0 une propagande omnipr\u00e9sente la fermet\u00e9 de nos convictions, r\u00e9pondre aux pers\u00e9cutions haineuses par l\u2019amour et le pardon, vaincre le d\u00e9sespoir gr\u00e2ce \u00e0 la profondeur de notre esp\u00e9rance\u2026 Puissent les sujets de r\u00e9flexion, les t\u00e9moignages et les r\u00e9cits qui suivent aider nos visiteurs \u00e0 comprendre comment l\u2019intol\u00e9rance d\u00e9bouche sur le rejet, la pers\u00e9cution, l\u2019extermination. Puissent-ils aussi insuffler force et courage \u00e0 ceux qui souffrent sous quelque forme d\u2019oppression que ce soit. \u00bb<\/p>\t\t\t\t\t\t\t\t<\/div>\n\t\t\t\t\t<\/div>\n\t\t<\/div>\n\t\t\t\t\t<\/div>\n\t\t<\/section>\n\t\t\t\t<section class=\"elementor-section elementor-top-section elementor-element elementor-element-547e7b23 elementor-section-boxed elementor-section-height-default elementor-section-height-default\" data-id=\"547e7b23\" data-element_type=\"section\" data-e-type=\"section\" data-settings=\"{&quot;jet_parallax_layout_list&quot;:[]}\">\n\t\t\t\t\t\t<div class=\"elementor-container elementor-column-gap-default\">\n\t\t\t\t\t<div class=\"make-column-clickable-elementor elementor-column elementor-col-50 elementor-top-column elementor-element elementor-element-33b5439a\" style=\"cursor: pointer;\" data-column-clickable=\"https:\/\/alst.org\/die-stifter\/\" data-column-clickable-blank=\"_self\" data-id=\"33b5439a\" data-element_type=\"column\" data-e-type=\"column\" data-settings=\"{&quot;background_background&quot;:&quot;classic&quot;}\">\n\t\t\t<div class=\"elementor-widget-wrap elementor-element-populated\">\n\t\t\t\t\t<div class=\"elementor-background-overlay\"><\/div>\n\t\t\t\t\t\t<div class=\"elementor-element elementor-element-47d3f60a elementor-widget elementor-widget-heading\" data-id=\"47d3f60a\" data-element_type=\"widget\" data-e-type=\"widget\" data-widget_type=\"heading.default\">\n\t\t\t\t\t<h2 class=\"elementor-heading-title elementor-size-default\"><a href=\"https:\/\/alst.org\/fr\/les-fondateurs\/\">Les fondateurs<\/a><\/h2>\t\t\t\t<\/div>\n\t\t\t\t\t<\/div>\n\t\t<\/div>\n\t\t\t\t<div class=\"make-column-clickable-elementor elementor-column elementor-col-50 elementor-top-column elementor-element elementor-element-23a558c7\" style=\"cursor: pointer;\" data-column-clickable=\"https:\/\/alst.org\/die-stiftung\/\" data-column-clickable-blank=\"_self\" data-id=\"23a558c7\" data-element_type=\"column\" data-e-type=\"column\" data-settings=\"{&quot;background_background&quot;:&quot;classic&quot;}\">\n\t\t\t<div class=\"elementor-widget-wrap elementor-element-populated\">\n\t\t\t\t\t<div class=\"elementor-background-overlay\"><\/div>\n\t\t\t\t\t\t<div class=\"elementor-element elementor-element-210d4e9c elementor-widget elementor-widget-heading\" data-id=\"210d4e9c\" data-element_type=\"widget\" data-e-type=\"widget\" data-widget_type=\"heading.default\">\n\t\t\t\t\t<h2 class=\"elementor-heading-title elementor-size-default\"><a href=\"https:\/\/alst.org\/fr\/la-fondation\/\">La fondation<\/a><\/h2>\t\t\t\t<\/div>\n\t\t\t\t\t<\/div>\n\t\t<\/div>\n\t\t\t\t\t<\/div>\n\t\t<\/section>\n\t\t\t\t<\/div>\n\t\t","protected":false},"excerpt":{"rendered":"<p>\u00c0 propos de nous \u00ab En quoi consistait cette \u00ab r\u00e9sistance morale \u00bb qui nous permit de tenir ferme face \u00e0 un Etat tyrannique ? Dessin de Simone Arnold, 12 ans, soumise \u00e0 un interrogatoire en mars 1943 \u00e0 Mulhouse, AlsaceOpposer \u00e0 une propagande omnipr\u00e9sente la fermet\u00e9 de nos convictions, r\u00e9pondre aux pers\u00e9cutions haineuses par [&hellip;]<\/p>\n","protected":false},"author":1,"featured_media":11029,"parent":0,"menu_order":0,"comment_status":"closed","ping_status":"closed","template":"elementor_header_footer","meta":{"inline_featured_image":false,"footnotes":""},"class_list":["post-7953","page","type-page","status-publish","has-post-thumbnail","hentry"],"_links":{"self":[{"href":"https:\/\/alst.org\/fr\/wp-json\/wp\/v2\/pages\/7953","targetHints":{"allow":["GET"]}}],"collection":[{"href":"https:\/\/alst.org\/fr\/wp-json\/wp\/v2\/pages"}],"about":[{"href":"https:\/\/alst.org\/fr\/wp-json\/wp\/v2\/types\/page"}],"author":[{"embeddable":true,"href":"https:\/\/alst.org\/fr\/wp-json\/wp\/v2\/users\/1"}],"replies":[{"embeddable":true,"href":"https:\/\/alst.org\/fr\/wp-json\/wp\/v2\/comments?post=7953"}],"version-history":[{"count":15,"href":"https:\/\/alst.org\/fr\/wp-json\/wp\/v2\/pages\/7953\/revisions"}],"predecessor-version":[{"id":11108,"href":"https:\/\/alst.org\/fr\/wp-json\/wp\/v2\/pages\/7953\/revisions\/11108"}],"wp:featuredmedia":[{"embeddable":true,"href":"https:\/\/alst.org\/fr\/wp-json\/wp\/v2\/media\/11029"}],"wp:attachment":[{"href":"https:\/\/alst.org\/fr\/wp-json\/wp\/v2\/media?parent=7953"}],"curies":[{"name":"wp","href":"https:\/\/api.w.org\/{rel}","templated":true}]}}