{"id":7923,"date":"2022-08-05T10:09:26","date_gmt":"2022-08-05T10:09:26","guid":{"rendered":"https:\/\/alst.org\/les-fondateurs\/"},"modified":"2022-10-04T08:46:02","modified_gmt":"2022-10-04T08:46:02","slug":"les-fondateurs","status":"publish","type":"page","link":"https:\/\/alst.org\/fr\/les-fondateurs\/","title":{"rendered":"Les fondateurs"},"content":{"rendered":"\t\t<div data-elementor-type=\"wp-page\" data-elementor-id=\"7923\" class=\"elementor elementor-7923 elementor-7528\" data-elementor-post-type=\"page\">\n\t\t\t\t\t\t<section class=\"elementor-section elementor-top-section elementor-element elementor-element-7ee38cd2 elementor-section-boxed elementor-section-height-default elementor-section-height-default\" data-id=\"7ee38cd2\" data-element_type=\"section\" data-e-type=\"section\" data-settings=\"{&quot;jet_parallax_layout_list&quot;:[]}\">\n\t\t\t\t\t\t<div class=\"elementor-container elementor-column-gap-default\">\n\t\t\t\t\t<div class=\"elementor-column elementor-col-100 elementor-top-column elementor-element elementor-element-50b61786\" data-id=\"50b61786\" data-element_type=\"column\" data-e-type=\"column\">\n\t\t\t<div class=\"elementor-widget-wrap elementor-element-populated\">\n\t\t\t\t\t\t<div class=\"elementor-element elementor-element-33b2414d elementor-widget elementor-widget-heading\" data-id=\"33b2414d\" data-element_type=\"widget\" data-e-type=\"widget\" data-widget_type=\"heading.default\">\n\t\t\t\t\t<h1 class=\"elementor-heading-title elementor-size-default\">Les fondateurs<\/h1>\t\t\t\t<\/div>\n\t\t\t\t\t<\/div>\n\t\t<\/div>\n\t\t\t\t\t<\/div>\n\t\t<\/section>\n\t\t\t\t<section class=\"elementor-section elementor-top-section elementor-element elementor-element-b0443b elementor-section-boxed elementor-section-height-default elementor-section-height-default\" data-id=\"b0443b\" data-element_type=\"section\" data-e-type=\"section\" data-settings=\"{&quot;jet_parallax_layout_list&quot;:[]}\">\n\t\t\t\t\t\t<div class=\"elementor-container elementor-column-gap-no\">\n\t\t\t\t\t<div class=\"elementor-column elementor-col-100 elementor-top-column elementor-element elementor-element-4da3f288\" data-id=\"4da3f288\" data-element_type=\"column\" data-e-type=\"column\">\n\t\t\t<div class=\"elementor-widget-wrap elementor-element-populated\">\n\t\t\t\t\t\t<div class=\"elementor-element elementor-element-54b67193 elementor-widget elementor-widget-spacer\" data-id=\"54b67193\" data-element_type=\"widget\" data-e-type=\"widget\" data-widget_type=\"spacer.default\">\n\t\t\t\t\t\t\t<div class=\"elementor-spacer\">\n\t\t\t<div class=\"elementor-spacer-inner\"><\/div>\n\t\t<\/div>\n\t\t\t\t\t\t<\/div>\n\t\t\t\t\t<\/div>\n\t\t<\/div>\n\t\t\t\t\t<\/div>\n\t\t<\/section>\n\t\t\t\t<section class=\"elementor-section elementor-top-section elementor-element elementor-element-209eddd7 elementor-section-boxed elementor-section-height-default elementor-section-height-default\" data-id=\"209eddd7\" data-element_type=\"section\" data-e-type=\"section\" data-settings=\"{&quot;jet_parallax_layout_list&quot;:[]}\">\n\t\t\t\t\t\t<div class=\"elementor-container elementor-column-gap-default\">\n\t\t\t\t\t<div class=\"elementor-column elementor-col-100 elementor-top-column elementor-element elementor-element-236d370a\" data-id=\"236d370a\" data-element_type=\"column\" data-e-type=\"column\">\n\t\t\t<div class=\"elementor-widget-wrap elementor-element-populated\">\n\t\t\t\t\t\t<div class=\"elementor-element elementor-element-6a05b9cc elementor-widget elementor-widget-text-editor\" data-id=\"6a05b9cc\" data-element_type=\"widget\" data-e-type=\"widget\" data-widget_type=\"text-editor.default\">\n\t\t\t\t\t\t\t\t\t<p>N\u00e9e le 17 ao\u00fbt 1930 en Alsace, Simone Arnold-Liebster faisait partie avec ses parents d&rsquo;un groupe de T\u00e9moins de J\u00e9hovah \u00e0 Mulhouse. Depuis l&rsquo;invasion allemande de 1940, la fr\u00e9quentation de l&rsquo;\u00e9cole est devenue un test quotidien de leurs principes : Chaque jour, leur conscience devait s&rsquo;\u00e9lever contre la contrainte omnipr\u00e9sente. La \u00ab\u00a0germanisation\u00a0\u00bb de l&rsquo;Alsace a transform\u00e9 les enseignants en nationaux-socialistes fanatiques. Simone Arnold-Liebster a \u00e9t\u00e9 maltrait\u00e9e psychiquement et physiquement, renvoy\u00e9e de l&rsquo;\u00e9cole secondaire, finalement arrach\u00e9e \u00e0 sa m\u00e8re en avril 1943 et d\u00e9port\u00e9e dans une maison d&rsquo;\u00e9ducation nazie \u00e0 Constance. Elle a d\u00fb y effectuer des travaux forc\u00e9s et endurer des mauvais traitements psychologiques. Si la lib\u00e9ration n&rsquo;\u00e9tait pas intervenue, elle aurait \u00e9t\u00e9 transf\u00e9r\u00e9e dans un camp de concentration \u00e0 l&rsquo;\u00e2ge de 15 ans.<\/p>\n<p>L&rsquo;ami le plus proche de Simone Arnold-Liebster, Marcel Sutter, a \u00e9t\u00e9 d\u00e9capit\u00e9 \u00e0 l&rsquo;\u00e2ge de 24 ans le 5 novembre 1943 \u00e0 Halle pour objection de conscience. Le p\u00e8re de Simone, Adolphe Arnold, a connu les camps de concentration de Schirmeck, Dachau, Mauthausen et Ebensee depuis son arrestation par la Gestapo en septembre 1941, et sa m\u00e8re, Emma Arnold, les camps de concentration de Schirmeck et Gaggenau depuis 1943. C&rsquo;est l\u00e0 qu&rsquo;elle a sauv\u00e9 la vie d&rsquo;autres personnes au p\u00e9ril de sa vie, comme la r\u00e9sistante Louise Blazer, qui a ensuite \u00e9t\u00e9 reconnue comme \u00ab\u00a0Juste parmi les nations\u00a0\u00bb. Adolphe et Emma Arnold sont rest\u00e9s toute leur vie marqu\u00e9s par la d\u00e9tention et la torture, mais engag\u00e9s dans une voie de r\u00e9conciliation et d&rsquo;humanit\u00e9.<\/p>\n<p>N\u00e9 le 15 f\u00e9vrier 1915 \u00e0 Reichenbach im Odenwald et d\u00e9c\u00e9d\u00e9 le 28 mai 2008 \u00e0 Aix-les-Bains, Max Liebster, avec lequel Simone Arnold-Liebster \u00e9tait mari\u00e9e depuis 1956, \u00e9tait issu d&rsquo;une famille juive. Beaucoup de membres de sa famille ont \u00e9t\u00e9 assassin\u00e9s. Max a surv\u00e9cu aux camps de concentration et d&rsquo;extermination de Sachsenhausen, Neuengamme, Auschwitz et Buchenwald.<\/p>\n<p>Max Liebster et Simone Arnold-Liebster se sont exprim\u00e9s devant de nombreux auditoires dans des \u00e9coles, des universit\u00e9s ou des mus\u00e9es &#8211; notamment \u00e0 plusieurs reprises au United States Holocaust Memorial Museum de Washington &#8211; dans plus de 60 villes d&rsquo;Europe et des \u00c9tats-Unis.<\/p>\n<p>Depuis la cr\u00e9ation de sa fondation, Simone Arnold-Liebster a men\u00e9 d&rsquo;innombrables entretiens avec des dizaines de milliers de jeunes, notamment dans les \u00e9coles am\u00e9ricaines, sur la pers\u00e9cution nazie et les possibilit\u00e9s de r\u00e9sistance et de tol\u00e9rance. Jusqu&rsquo;\u00e0 aujourd&rsquo;hui, elle travaille plusieurs fois par semaine par vid\u00e9oconf\u00e9rence avec des classes et des groupes de jeunes. Inlassablement, elle s&rsquo;engage en tant que t\u00e9moin de l&rsquo;\u00e9poque contre l&rsquo;oubli et pour l&rsquo;\u00e9ducation \u00e0 la tol\u00e9rance et \u00e0 l&rsquo;humanit\u00e9 et se tient \u00e0 disposition pour des projets avec des jeunes, comme par exemple dans le cadre de la Journ\u00e9e de la m\u00e9moire des victimes du national-socialisme 2021 du <a href=\"https:\/\/www.landtag-bw.de\/home\/mediathek\/videos\/2021\/20210127gedenkstundeopferns1.html?t=0\" target=\"_blank\" rel=\"noopener nofollow\">Landtag de Bade-Wurtemberg<\/a>, voir aussi <a href=\"https:\/\/alst.org\/fr\/education-fr\/videos-fr\/films-et-videos\/\" target=\"_blank\" rel=\"noopener\">ici<\/a>.<\/p>\n<p>En 1986, Simone Arnold-Liebster a fait partie des cofondateurs du CETJAD (Cercle Europ\u00e9en des T\u00e9moins de J\u00e9hovah Anciens D\u00e9port\u00e9s et Intern\u00e9s), la premi\u00e8re organisation \u00e0 se consacrer au souvenir de la pers\u00e9cution de son groupe de victimes, jusqu&rsquo;alors oubli\u00e9 du public, et \u00e0 combler ainsi un vide dans la m\u00e9moire historique. Elle a re\u00e7u une attention internationale consid\u00e9rable pour son livre \u00ab\u00a0Allein vor dem L\u00f6wen. Une petite fille r\u00e9siste au r\u00e9gime nazi\u00a0\u00bb, qui est un t\u00e9moignage \u00e9mouvant de sa pers\u00e9cution et de sa r\u00e9sistance ainsi que l&rsquo;un des livres de souvenirs les plus impressionnants sur la pers\u00e9cution nazie d&rsquo;une jeune personne. C&rsquo;est ce qu&rsquo;indiquent les hommages introductifs d&rsquo;Abraham J. Peck, ancien collaborateur d&rsquo;Elie Wiesel, pr\u00e9sident du United States Holocaust Memorial Museum et vice-pr\u00e9sident de l&rsquo;Association of Holocaust Organizations, ainsi que de Sybil Milton, \u00e9minente chercheuse sur l&rsquo;Holocauste et ancienne historienne en chef du United States Holocaust Memorial Museum.<\/p>\n<p>Depuis de nombreuses ann\u00e9es, le livre et l&rsquo;histoire de la jeune Simone sont \u00e9galement utilis\u00e9s dans le cadre du travail p\u00e9dagogique de la Fondation du M\u00e9morial des Juifs assassin\u00e9s d&rsquo;Europe \u00e0 Berlin<a href=\"https:\/\/www.verfolgung-von-jugendlichen-im-ns.de\/biographies\/simone-arnold\" target=\"_blank\" rel=\"noopener nofollow\">(https:\/\/www.verfolgung-von-jugendlichen-im-ns.de\/biographies\/simone-arnold)<\/a>. Seul face au lion a \u00e9t\u00e9 traduit dans de nombreuses langues et est \u00e9galement utilis\u00e9 comme lecture scolaire aux \u00c9tats-Unis par exemple. Du mat\u00e9riel p\u00e9dagogique d&rsquo;accompagnement est disponible.<\/p>\n<p>Simone Arnold-Liebster a \u00e9galement lanc\u00e9 il y a quelques ann\u00e9es une initiative pour la cr\u00e9ation d&rsquo;un monument \u00e0 la m\u00e9moire des T\u00e9moins de J\u00e9hovah pers\u00e9cut\u00e9s et assassin\u00e9s en Europe sous le r\u00e9gime national-socialiste. Cette initiative est soutenue par Uwe Neum\u00e4rker, directeur de la Fondation du M\u00e9morial aux Juifs assassin\u00e9s d&rsquo;Europe, le porte-parole du conseil consultatif de la Fondation du M\u00e9morial, le professeur Wolfgang Benz, des historiens faisant autorit\u00e9 dans ce domaine, comme les professeurs Detlef Garbe, Peter Steinbach et Johannes Tuchel, ainsi que des personnalit\u00e9s publiques comme Klaus von Dohnanyi, dont la famille a elle-m\u00eame r\u00e9sist\u00e9 au nazisme et a \u00e9t\u00e9 pers\u00e9cut\u00e9e, ainsi que d&rsquo;autres survivants et leurs descendants appartenant au groupe des victimes juives et \u00e0 celui des Sinti et Roms qui ont b\u00e9n\u00e9fici\u00e9 de l&rsquo;aide des T\u00e9moins de J\u00e9hovah sous le nazisme. Le 14 f\u00e9vrier 2022, la ministre d&rsquo;\u00c9tat en charge de la culture, Claudia Roth, a d\u00e9clar\u00e9 que le monument \u00e9tait \u00ab\u00a0en retard\u00a0\u00bb et qu&rsquo;il lui tenait \u00ab\u00a0particuli\u00e8rement \u00e0 c\u0153ur de faire avancer rapidement cet important projet de politique de m\u00e9moire\u00a0\u00bb.<\/p>\n\t\t\t\t\t\t\t\t<\/div>\n\t\t\t\t\t<\/div>\n\t\t<\/div>\n\t\t\t\t\t<\/div>\n\t\t<\/section>\n\t\t\t\t<section class=\"elementor-section elementor-top-section elementor-element elementor-element-55bb469 elementor-section-boxed elementor-section-height-default elementor-section-height-default\" data-id=\"55bb469\" data-element_type=\"section\" data-e-type=\"section\" data-settings=\"{&quot;jet_parallax_layout_list&quot;:[]}\">\n\t\t\t\t\t\t<div class=\"elementor-container elementor-column-gap-no\">\n\t\t\t\t\t<div class=\"elementor-column elementor-col-50 elementor-top-column elementor-element elementor-element-d300f38\" data-id=\"d300f38\" data-element_type=\"column\" data-e-type=\"column\">\n\t\t\t<div class=\"elementor-widget-wrap elementor-element-populated\">\n\t\t\t\t\t\t<div class=\"elementor-element elementor-element-46e9bb1 elementor-widget elementor-widget-text-editor\" data-id=\"46e9bb1\" data-element_type=\"widget\" data-e-type=\"widget\" data-widget_type=\"text-editor.default\">\n\t\t\t\t\t\t\t\t\t<p><img decoding=\"async\" class=\" wp-image-5457 alignleft\" src=\"https:\/\/alst.org\/wp-content\/uploads\/2022\/07\/adolphe-arnold-petit-1.jpg\" alt=\"\" width=\"90\" height=\"120\"><\/p>\n<h3>Adolphe Arnold<\/h3>\n<p><a href=\"https:\/\/alst.org\/fr\/histoire\/biographies-fr-2\/biographie-breve-dadolphe-arnold\/\">Biographie br\u00e8ve<\/a><\/p>\n<p><a href=\"https:\/\/alst.org\/fr\/histoire\/biographies-fr-2\/biographie-adolphe-arnold-une-vie-de-lutte-et-damour\/\">Biographie d\u00e9taill\u00e9e<\/a><\/p>\n\t\t\t\t\t\t\t\t<\/div>\n\t\t\t\t\t<\/div>\n\t\t<\/div>\n\t\t\t\t<div class=\"elementor-column elementor-col-50 elementor-top-column elementor-element elementor-element-ab40b05\" data-id=\"ab40b05\" data-element_type=\"column\" data-e-type=\"column\">\n\t\t\t<div class=\"elementor-widget-wrap elementor-element-populated\">\n\t\t\t\t\t\t<div class=\"elementor-element elementor-element-fa9675a elementor-widget elementor-widget-text-editor\" data-id=\"fa9675a\" data-element_type=\"widget\" data-e-type=\"widget\" data-widget_type=\"text-editor.default\">\n\t\t\t\t\t\t\t\t\t<p><img decoding=\"async\" class=\"alignleft wp-image-4788\" src=\"https:\/\/alst.org\/wp-content\/uploads\/2022\/07\/emma-arnold-petit.jpg\" alt=\"\" width=\"90\" height=\"120\"><\/p>\n<h3>Emma Arnold<\/h3>\n<p><a href=\"https:\/\/alst.org\/fr\/histoire\/biographies-fr-2\/biographie-breve-demma-arnold\/\">Biographie br\u00e8ve<\/a><\/p>\n<p><a href=\"https:\/\/alst.org\/fr\/histoire\/biographies-fr-2\/biographie-emma-arnold-1898-1979un-courage-invincible\/\">Biographie d\u00e9taill\u00e9e<\/a><\/p>\n\t\t\t\t\t\t\t\t<\/div>\n\t\t\t\t\t<\/div>\n\t\t<\/div>\n\t\t\t\t\t<\/div>\n\t\t<\/section>\n\t\t\t\t<section class=\"elementor-section elementor-top-section elementor-element elementor-element-d673c62 elementor-section-boxed elementor-section-height-default elementor-section-height-default\" data-id=\"d673c62\" data-element_type=\"section\" data-e-type=\"section\" data-settings=\"{&quot;jet_parallax_layout_list&quot;:[]}\">\n\t\t\t\t\t\t<div class=\"elementor-container elementor-column-gap-no\">\n\t\t\t\t\t<div class=\"make-column-clickable-elementor elementor-column elementor-col-50 elementor-top-column elementor-element elementor-element-4f5a39d\" style=\"cursor: pointer;\" data-column-clickable=\"https:\/\/alst.org\/geschichte\/biographien-2\/kurzbiographie-simone-arnold-liebster\/\" data-column-clickable-blank=\"_self\" data-id=\"4f5a39d\" data-element_type=\"column\" data-e-type=\"column\">\n\t\t\t<div class=\"elementor-widget-wrap elementor-element-populated\">\n\t\t\t\t\t\t<div class=\"elementor-element elementor-element-e161b4f elementor-widget elementor-widget-text-editor\" data-id=\"e161b4f\" data-element_type=\"widget\" data-e-type=\"widget\" data-widget_type=\"text-editor.default\">\n\t\t\t\t\t\t\t\t\t<p><img decoding=\"async\" class=\"alignleft wp-image-7729\" src=\"https:\/\/alst.org\/wp-content\/uploads\/2022\/08\/simone-liebster-petit-1.jpg\" alt=\"\" width=\"90\" height=\"120\"><\/p>\n<h3>Simone Arnold Liebster<\/h3>\n<p><a href=\"https:\/\/alst.org\/fr\/histoire\/biographies-fr-2\/biographie-breve-de-simone-arnold-liebster\/\">Biographie br\u00e8ve<\/a><\/p>\n\t\t\t\t\t\t\t\t<\/div>\n\t\t\t\t\t<\/div>\n\t\t<\/div>\n\t\t\t\t<div class=\"make-column-clickable-elementor elementor-column elementor-col-50 elementor-top-column elementor-element elementor-element-2575b71\" style=\"cursor: pointer;\" data-column-clickable=\"https:\/\/alst.org\/geschichte\/biographien-2\/kurzbiographie-max-liebster\/\" data-column-clickable-blank=\"_self\" data-id=\"2575b71\" data-element_type=\"column\" data-e-type=\"column\">\n\t\t\t<div class=\"elementor-widget-wrap elementor-element-populated\">\n\t\t\t\t\t\t<div class=\"elementor-element elementor-element-a68ac4c elementor-widget elementor-widget-text-editor\" data-id=\"a68ac4c\" data-element_type=\"widget\" data-e-type=\"widget\" data-widget_type=\"text-editor.default\">\n\t\t\t\t\t\t\t\t\t<p><img loading=\"lazy\" decoding=\"async\" class=\"alignleft wp-image-7734\" src=\"https:\/\/alst.org\/wp-content\/uploads\/2022\/08\/max-liebster-petit-1.jpg\" alt=\"\" width=\"90\" height=\"120\"><\/p>\n<h3>Max Liebster<\/h3>\n<p><a href=\"https:\/\/alst.org\/fr\/histoire\/biographies-fr-2\/biographie-breve-de-max-liebster\/\">Biographie br\u00e8ve<\/a><\/p>\n\t\t\t\t\t\t\t\t<\/div>\n\t\t\t\t\t<\/div>\n\t\t<\/div>\n\t\t\t\t\t<\/div>\n\t\t<\/section>\n\t\t\t\t<\/div>\n\t\t","protected":false},"excerpt":{"rendered":"<p>Les fondateurs N\u00e9e le 17 ao\u00fbt 1930 en Alsace, Simone Arnold-Liebster faisait partie avec ses parents d&rsquo;un groupe de T\u00e9moins de J\u00e9hovah \u00e0 Mulhouse. Depuis l&rsquo;invasion allemande de 1940, la fr\u00e9quentation de l&rsquo;\u00e9cole est devenue un test quotidien de leurs principes : Chaque jour, leur conscience devait s&rsquo;\u00e9lever contre la contrainte omnipr\u00e9sente. La \u00ab\u00a0germanisation\u00a0\u00bb de [&hellip;]<\/p>\n","protected":false},"author":1,"featured_media":11029,"parent":0,"menu_order":0,"comment_status":"closed","ping_status":"closed","template":"elementor_header_footer","meta":{"inline_featured_image":false,"footnotes":""},"class_list":["post-7923","page","type-page","status-publish","has-post-thumbnail","hentry"],"_links":{"self":[{"href":"https:\/\/alst.org\/fr\/wp-json\/wp\/v2\/pages\/7923","targetHints":{"allow":["GET"]}}],"collection":[{"href":"https:\/\/alst.org\/fr\/wp-json\/wp\/v2\/pages"}],"about":[{"href":"https:\/\/alst.org\/fr\/wp-json\/wp\/v2\/types\/page"}],"author":[{"embeddable":true,"href":"https:\/\/alst.org\/fr\/wp-json\/wp\/v2\/users\/1"}],"replies":[{"embeddable":true,"href":"https:\/\/alst.org\/fr\/wp-json\/wp\/v2\/comments?post=7923"}],"version-history":[{"count":20,"href":"https:\/\/alst.org\/fr\/wp-json\/wp\/v2\/pages\/7923\/revisions"}],"predecessor-version":[{"id":11411,"href":"https:\/\/alst.org\/fr\/wp-json\/wp\/v2\/pages\/7923\/revisions\/11411"}],"wp:featuredmedia":[{"embeddable":true,"href":"https:\/\/alst.org\/fr\/wp-json\/wp\/v2\/media\/11029"}],"wp:attachment":[{"href":"https:\/\/alst.org\/fr\/wp-json\/wp\/v2\/media?parent=7923"}],"curies":[{"name":"wp","href":"https:\/\/api.w.org\/{rel}","templated":true}]}}