{"id":7880,"date":"2022-08-02T08:02:54","date_gmt":"2022-08-02T08:02:54","guid":{"rendered":"https:\/\/alst.org\/education\/"},"modified":"2026-01-27T21:54:34","modified_gmt":"2026-01-27T21:54:34","slug":"education","status":"publish","type":"page","link":"https:\/\/alst.org\/fr\/education\/","title":{"rendered":"\u00c9ducation"},"content":{"rendered":"\t\t<div data-elementor-type=\"wp-page\" data-elementor-id=\"7880\" class=\"elementor elementor-7880 elementor-6548\" data-elementor-post-type=\"page\">\n\t\t\t\t\t\t<section class=\"elementor-section elementor-top-section elementor-element elementor-element-281de337 elementor-section-boxed elementor-section-height-default elementor-section-height-default\" data-id=\"281de337\" data-element_type=\"section\" data-e-type=\"section\" data-settings=\"{&quot;jet_parallax_layout_list&quot;:[]}\">\n\t\t\t\t\t\t<div class=\"elementor-container elementor-column-gap-default\">\n\t\t\t\t\t<div class=\"elementor-column elementor-col-100 elementor-top-column elementor-element elementor-element-6dc63c59\" data-id=\"6dc63c59\" data-element_type=\"column\" data-e-type=\"column\">\n\t\t\t<div class=\"elementor-widget-wrap elementor-element-populated\">\n\t\t\t\t\t\t<div class=\"elementor-element elementor-element-55749778 elementor-widget elementor-widget-heading\" data-id=\"55749778\" data-element_type=\"widget\" data-e-type=\"widget\" data-widget_type=\"heading.default\">\n\t\t\t\t\t<h1 class=\"elementor-heading-title elementor-size-default\">\u00c9ducation<\/h1>\t\t\t\t<\/div>\n\t\t\t\t\t<\/div>\n\t\t<\/div>\n\t\t\t\t\t<\/div>\n\t\t<\/section>\n\t\t\t\t<section class=\"elementor-section elementor-top-section elementor-element elementor-element-5db13fd elementor-section-boxed elementor-section-height-default elementor-section-height-default\" data-id=\"5db13fd\" data-element_type=\"section\" data-e-type=\"section\" data-settings=\"{&quot;jet_parallax_layout_list&quot;:[]}\">\n\t\t\t\t\t\t<div class=\"elementor-container elementor-column-gap-no\">\n\t\t\t\t\t<div class=\"elementor-column elementor-col-100 elementor-top-column elementor-element elementor-element-7ffc003\" data-id=\"7ffc003\" data-element_type=\"column\" data-e-type=\"column\">\n\t\t\t<div class=\"elementor-widget-wrap elementor-element-populated\">\n\t\t\t\t\t\t<div class=\"elementor-element elementor-element-04a21a4 elementor-widget elementor-widget-spacer\" data-id=\"04a21a4\" data-element_type=\"widget\" data-e-type=\"widget\" data-widget_type=\"spacer.default\">\n\t\t\t\t\t\t\t<div class=\"elementor-spacer\">\n\t\t\t<div class=\"elementor-spacer-inner\"><\/div>\n\t\t<\/div>\n\t\t\t\t\t\t<\/div>\n\t\t\t\t\t<\/div>\n\t\t<\/div>\n\t\t\t\t\t<\/div>\n\t\t<\/section>\n\t\t\t\t<section class=\"elementor-section elementor-top-section elementor-element elementor-element-352863b3 elementor-section-boxed elementor-section-height-default elementor-section-height-default\" data-id=\"352863b3\" data-element_type=\"section\" data-e-type=\"section\" data-settings=\"{&quot;jet_parallax_layout_list&quot;:[]}\">\n\t\t\t\t\t\t<div class=\"elementor-container elementor-column-gap-default\">\n\t\t\t\t\t<div class=\"make-column-clickable-elementor elementor-column elementor-col-33 elementor-top-column elementor-element elementor-element-3d0eb552\" style=\"cursor: pointer;\" data-column-clickable=\"https:\/\/alst.org\/kategorie\/bildung\/ausstellungen\/\" data-column-clickable-blank=\"_self\" data-id=\"3d0eb552\" data-element_type=\"column\" data-e-type=\"column\" data-settings=\"{&quot;background_background&quot;:&quot;classic&quot;}\">\n\t\t\t<div class=\"elementor-widget-wrap elementor-element-populated\">\n\t\t\t\t\t<div class=\"elementor-background-overlay\"><\/div>\n\t\t\t\t\t\t<div class=\"elementor-element elementor-element-b7d2c2d elementor-widget elementor-widget-heading\" data-id=\"b7d2c2d\" data-element_type=\"widget\" data-e-type=\"widget\" data-widget_type=\"heading.default\">\n\t\t\t\t\t<h2 class=\"elementor-heading-title elementor-size-default\"><a href=\"https:\/\/alst.org\/kategorie\/bildung\/ausstellungen\/\">Expositions<\/a><\/h2>\t\t\t\t<\/div>\n\t\t\t\t\t<\/div>\n\t\t<\/div>\n\t\t\t\t<div class=\"make-column-clickable-elementor elementor-column elementor-col-33 elementor-top-column elementor-element elementor-element-ae99e55\" style=\"cursor: pointer;\" data-column-clickable=\"https:\/\/alst.org\/kategorie\/bildung\/biographien\/\" data-column-clickable-blank=\"_self\" data-id=\"ae99e55\" data-element_type=\"column\" data-e-type=\"column\" data-settings=\"{&quot;background_background&quot;:&quot;classic&quot;}\">\n\t\t\t<div class=\"elementor-widget-wrap elementor-element-populated\">\n\t\t\t\t\t<div class=\"elementor-background-overlay\"><\/div>\n\t\t\t\t\t\t<div class=\"elementor-element elementor-element-2d3f1d30 elementor-widget elementor-widget-heading\" data-id=\"2d3f1d30\" data-element_type=\"widget\" data-e-type=\"widget\" data-widget_type=\"heading.default\">\n\t\t\t\t\t<h2 class=\"elementor-heading-title elementor-size-default\"><a href=\"https:\/\/alst.org\/kategorie\/bildung\/biographien\/\">Biographies<\/a><\/h2>\t\t\t\t<\/div>\n\t\t\t\t\t<\/div>\n\t\t<\/div>\n\t\t\t\t<div class=\"make-column-clickable-elementor elementor-column elementor-col-33 elementor-top-column elementor-element elementor-element-6db47564\" style=\"cursor: pointer;\" data-column-clickable=\"https:\/\/alst.org\/kategorie\/bildung\/lernmaterialien\/\" data-column-clickable-blank=\"_self\" data-id=\"6db47564\" data-element_type=\"column\" data-e-type=\"column\" data-settings=\"{&quot;background_background&quot;:&quot;classic&quot;}\">\n\t\t\t<div class=\"elementor-widget-wrap elementor-element-populated\">\n\t\t\t\t\t<div class=\"elementor-background-overlay\"><\/div>\n\t\t\t\t\t\t<div class=\"elementor-element elementor-element-6fe45f5d elementor-widget elementor-widget-heading\" data-id=\"6fe45f5d\" data-element_type=\"widget\" data-e-type=\"widget\" data-widget_type=\"heading.default\">\n\t\t\t\t\t<h2 class=\"elementor-heading-title elementor-size-default\"><a href=\"https:\/\/alst.org\/kategorie\/bildung\/lernmaterialien\/\">Ressources p\u00e9dagogiques<\/a><\/h2>\t\t\t\t<\/div>\n\t\t\t\t\t<\/div>\n\t\t<\/div>\n\t\t\t\t\t<\/div>\n\t\t<\/section>\n\t\t\t\t<section class=\"elementor-section elementor-top-section elementor-element elementor-element-7931f1ff elementor-section-boxed elementor-section-height-default elementor-section-height-default\" data-id=\"7931f1ff\" data-element_type=\"section\" data-e-type=\"section\" data-settings=\"{&quot;jet_parallax_layout_list&quot;:[]}\">\n\t\t\t\t\t\t<div class=\"elementor-container elementor-column-gap-default\">\n\t\t\t\t\t<div class=\"make-column-clickable-elementor elementor-column elementor-col-33 elementor-top-column elementor-element elementor-element-35f5afb0\" style=\"cursor: pointer;\" data-column-clickable=\"https:\/\/alst.org\/kategorie\/bildung\/schulprojekte\/\" data-column-clickable-blank=\"_self\" data-id=\"35f5afb0\" data-element_type=\"column\" data-e-type=\"column\" data-settings=\"{&quot;background_background&quot;:&quot;classic&quot;}\">\n\t\t\t<div class=\"elementor-widget-wrap elementor-element-populated\">\n\t\t\t\t\t<div class=\"elementor-background-overlay\"><\/div>\n\t\t\t\t\t\t<div class=\"elementor-element elementor-element-4f5db746 elementor-widget elementor-widget-heading\" data-id=\"4f5db746\" data-element_type=\"widget\" data-e-type=\"widget\" data-widget_type=\"heading.default\">\n\t\t\t\t\t<h2 class=\"elementor-heading-title elementor-size-default\"><a href=\"https:\/\/alst.org\/kategorie\/bildung\/schulprojekte\/\">Projets d'\u00e9l\u00e8ves<\/a><\/h2>\t\t\t\t<\/div>\n\t\t\t\t\t<\/div>\n\t\t<\/div>\n\t\t\t\t<div class=\"make-column-clickable-elementor elementor-column elementor-col-33 elementor-top-column elementor-element elementor-element-7a72a38d\" style=\"cursor: pointer;\" data-column-clickable=\"https:\/\/alst.org\/kategorie\/bildung\/stimmen-von-lehrkraeften\/\" data-column-clickable-blank=\"_self\" data-id=\"7a72a38d\" data-element_type=\"column\" data-e-type=\"column\" data-settings=\"{&quot;background_background&quot;:&quot;classic&quot;}\">\n\t\t\t<div class=\"elementor-widget-wrap elementor-element-populated\">\n\t\t\t\t\t<div class=\"elementor-background-overlay\"><\/div>\n\t\t\t\t\t\t<div class=\"elementor-element elementor-element-3e4ea587 elementor-widget elementor-widget-heading\" data-id=\"3e4ea587\" data-element_type=\"widget\" data-e-type=\"widget\" data-widget_type=\"heading.default\">\n\t\t\t\t\t<h2 class=\"elementor-heading-title elementor-size-default\"><a href=\"https:\/\/alst.org\/kategorie\/bildung\/stimmen-von-lehrkraeften\/\">Voix d'\u00e9ducateurs<\/a><\/h2>\t\t\t\t<\/div>\n\t\t\t\t\t<\/div>\n\t\t<\/div>\n\t\t\t\t<div class=\"make-column-clickable-elementor elementor-column elementor-col-33 elementor-top-column elementor-element elementor-element-15fb466b\" style=\"cursor: pointer;\" data-column-clickable=\"https:\/\/alst.org\/bildung\/videos\/filme\/\" data-column-clickable-blank=\"_self\" data-id=\"15fb466b\" data-element_type=\"column\" data-e-type=\"column\" data-settings=\"{&quot;background_background&quot;:&quot;classic&quot;}\">\n\t\t\t<div class=\"elementor-widget-wrap elementor-element-populated\">\n\t\t\t\t\t<div class=\"elementor-background-overlay\"><\/div>\n\t\t\t\t\t\t<div class=\"elementor-element elementor-element-7b18d4dc elementor-widget elementor-widget-heading\" data-id=\"7b18d4dc\" data-element_type=\"widget\" data-e-type=\"widget\" data-widget_type=\"heading.default\">\n\t\t\t\t\t<h2 class=\"elementor-heading-title elementor-size-default\"><a href=\"https:\/\/alst.org\/bildung\/videos\/filme\/\">Vid\u00e9os<\/a><\/h2>\t\t\t\t<\/div>\n\t\t\t\t\t<\/div>\n\t\t<\/div>\n\t\t\t\t\t<\/div>\n\t\t<\/section>\n\t\t\t\t<section class=\"elementor-section elementor-top-section elementor-element elementor-element-68455607 elementor-section-boxed elementor-section-height-default elementor-section-height-default\" data-id=\"68455607\" data-element_type=\"section\" data-e-type=\"section\" data-settings=\"{&quot;jet_parallax_layout_list&quot;:[]}\">\n\t\t\t\t\t\t<div class=\"elementor-container elementor-column-gap-default\">\n\t\t\t\t\t<div class=\"make-column-clickable-elementor elementor-column elementor-col-100 elementor-top-column elementor-element elementor-element-46652a0a\" style=\"cursor: pointer;\" data-column-clickable=\"https:\/\/alst.org\/zeitzeugeninterviews\/\" data-column-clickable-blank=\"_self\" data-id=\"46652a0a\" data-element_type=\"column\" data-e-type=\"column\" data-settings=\"{&quot;background_background&quot;:&quot;classic&quot;}\">\n\t\t\t<div class=\"elementor-widget-wrap elementor-element-populated\">\n\t\t\t\t\t<div class=\"elementor-background-overlay\"><\/div>\n\t\t\t\t\t\t<div class=\"elementor-element elementor-element-22b45c06 elementor-widget elementor-widget-heading\" data-id=\"22b45c06\" data-element_type=\"widget\" data-e-type=\"widget\" data-widget_type=\"heading.default\">\n\t\t\t\t\t<h2 class=\"elementor-heading-title elementor-size-default\"><a href=\"https:\/\/alst.org\/zeitzeugeninterviews\/\">Interview de t\u00e9moins de l'histoire<\/a><\/h2>\t\t\t\t<\/div>\n\t\t\t\t\t<\/div>\n\t\t<\/div>\n\t\t\t\t\t<\/div>\n\t\t<\/section>\n\t\t\t\t<\/div>\n\t\t","protected":false},"excerpt":{"rendered":"<p>\u00c9ducation Expositions Biographies Ressources p\u00e9dagogiques Projets d&rsquo;\u00e9l\u00e8ves Voix d&rsquo;\u00e9ducateurs Vid\u00e9os Interview de t\u00e9moins de l&rsquo;histoire<\/p>\n","protected":false},"author":1,"featured_media":11029,"parent":0,"menu_order":0,"comment_status":"closed","ping_status":"closed","template":"elementor_header_footer","meta":{"inline_featured_image":false,"footnotes":""},"class_list":["post-7880","page","type-page","status-publish","has-post-thumbnail","hentry"],"_links":{"self":[{"href":"https:\/\/alst.org\/fr\/wp-json\/wp\/v2\/pages\/7880","targetHints":{"allow":["GET"]}}],"collection":[{"href":"https:\/\/alst.org\/fr\/wp-json\/wp\/v2\/pages"}],"about":[{"href":"https:\/\/alst.org\/fr\/wp-json\/wp\/v2\/types\/page"}],"author":[{"embeddable":true,"href":"https:\/\/alst.org\/fr\/wp-json\/wp\/v2\/users\/1"}],"replies":[{"embeddable":true,"href":"https:\/\/alst.org\/fr\/wp-json\/wp\/v2\/comments?post=7880"}],"version-history":[{"count":21,"href":"https:\/\/alst.org\/fr\/wp-json\/wp\/v2\/pages\/7880\/revisions"}],"predecessor-version":[{"id":16231,"href":"https:\/\/alst.org\/fr\/wp-json\/wp\/v2\/pages\/7880\/revisions\/16231"}],"wp:featuredmedia":[{"embeddable":true,"href":"https:\/\/alst.org\/fr\/wp-json\/wp\/v2\/media\/11029"}],"wp:attachment":[{"href":"https:\/\/alst.org\/fr\/wp-json\/wp\/v2\/media?parent=7880"}],"curies":[{"name":"wp","href":"https:\/\/api.w.org\/{rel}","templated":true}]}}