{"id":7870,"date":"2022-08-04T09:59:51","date_gmt":"2022-08-04T09:59:51","guid":{"rendered":"https:\/\/alst.org\/expositions\/"},"modified":"2022-08-09T21:39:56","modified_gmt":"2022-08-09T21:39:56","slug":"expositions","status":"publish","type":"page","link":"https:\/\/alst.org\/fr\/expositions\/","title":{"rendered":"Expositions"},"content":{"rendered":"\t\t<div data-elementor-type=\"wp-page\" data-elementor-id=\"7870\" class=\"elementor elementor-7870 elementor-7352\" data-elementor-post-type=\"page\">\n\t\t\t\t\t\t<section class=\"elementor-section elementor-top-section elementor-element elementor-element-4a226756 elementor-section-boxed elementor-section-height-default elementor-section-height-default\" data-id=\"4a226756\" data-element_type=\"section\" data-e-type=\"section\" data-settings=\"{&quot;jet_parallax_layout_list&quot;:[]}\">\n\t\t\t\t\t\t<div class=\"elementor-container elementor-column-gap-default\">\n\t\t\t\t\t<div class=\"elementor-column elementor-col-100 elementor-top-column elementor-element elementor-element-72b34a12\" data-id=\"72b34a12\" data-element_type=\"column\" data-e-type=\"column\">\n\t\t\t<div class=\"elementor-widget-wrap elementor-element-populated\">\n\t\t\t\t\t\t<div class=\"elementor-element elementor-element-3c716173 elementor-widget elementor-widget-heading\" data-id=\"3c716173\" data-element_type=\"widget\" data-e-type=\"widget\" data-widget_type=\"heading.default\">\n\t\t\t\t\t<h1 class=\"elementor-heading-title elementor-size-default\">Expositions<\/h1>\t\t\t\t<\/div>\n\t\t\t\t\t<\/div>\n\t\t<\/div>\n\t\t\t\t\t<\/div>\n\t\t<\/section>\n\t\t\t\t<section class=\"elementor-section elementor-top-section elementor-element elementor-element-766de253 elementor-section-boxed elementor-section-height-default elementor-section-height-default\" data-id=\"766de253\" data-element_type=\"section\" data-e-type=\"section\" data-settings=\"{&quot;jet_parallax_layout_list&quot;:[]}\">\n\t\t\t\t\t\t<div class=\"elementor-container elementor-column-gap-no\">\n\t\t\t\t\t<div class=\"elementor-column elementor-col-100 elementor-top-column elementor-element elementor-element-210fdcb6\" data-id=\"210fdcb6\" data-element_type=\"column\" data-e-type=\"column\">\n\t\t\t<div class=\"elementor-widget-wrap elementor-element-populated\">\n\t\t\t\t\t\t<div class=\"elementor-element elementor-element-5ee49d1c elementor-widget elementor-widget-spacer\" data-id=\"5ee49d1c\" data-element_type=\"widget\" data-e-type=\"widget\" data-widget_type=\"spacer.default\">\n\t\t\t\t\t\t\t<div class=\"elementor-spacer\">\n\t\t\t<div class=\"elementor-spacer-inner\"><\/div>\n\t\t<\/div>\n\t\t\t\t\t\t<\/div>\n\t\t\t\t\t<\/div>\n\t\t<\/div>\n\t\t\t\t\t<\/div>\n\t\t<\/section>\n\t\t\t\t<section class=\"elementor-section elementor-top-section elementor-element elementor-element-86cf8e7 elementor-section-boxed elementor-section-height-default elementor-section-height-default\" data-id=\"86cf8e7\" data-element_type=\"section\" data-e-type=\"section\" data-settings=\"{&quot;jet_parallax_layout_list&quot;:[]}\">\n\t\t\t\t\t\t<div class=\"elementor-container elementor-column-gap-default\">\n\t\t\t\t\t<div class=\"elementor-column elementor-col-100 elementor-top-column elementor-element elementor-element-943e7a5\" data-id=\"943e7a5\" data-element_type=\"column\" data-e-type=\"column\">\n\t\t\t<div class=\"elementor-widget-wrap elementor-element-populated\">\n\t\t\t\t\t\t<div class=\"elementor-element elementor-element-6549d363 elementor-widget elementor-widget-text-editor\" data-id=\"6549d363\" data-element_type=\"widget\" data-e-type=\"widget\" data-widget_type=\"text-editor.default\">\n\t\t\t\t\t\t\t\t\t<p><span style=\"font-weight: 400;\">La Fondation Stiftung Denkmal f\u00fcr die ermordeten Juden Europas, qui s&rsquo;occupe des monuments nationaux de la R\u00e9publique f\u00e9d\u00e9rale d&rsquo;Allemagne d\u00e9di\u00e9s aux victimes du national-socialisme, utilise l&rsquo;histoire de Simone Arnold-Liebster sur son site Internet pour les jeunes<a href=\"https:\/\/www.verfolgung-von-jugendlichen-im-ns.de\/biographies\/simone-arnold\" target=\"_blank\" rel=\"noopener nofollow\">\u00ab\u00a0Tu es diff\u00e9rent<\/a>\u00ab\u00a0. Les photos de cette page proviennent de la Stiftung Denkmal, photographe : Marko Priske.<\/span><\/p><p>Vous trouverez ci-dessous des expositions en allemand et en anglais.<\/p>\t\t\t\t\t\t\t\t<\/div>\n\t\t\t\t\t<\/div>\n\t\t<\/div>\n\t\t\t\t\t<\/div>\n\t\t<\/section>\n\t\t\t\t<section class=\"elementor-section elementor-top-section elementor-element elementor-element-48a9286d elementor-section-boxed elementor-section-height-default elementor-section-height-default\" data-id=\"48a9286d\" data-element_type=\"section\" data-e-type=\"section\" data-settings=\"{&quot;jet_parallax_layout_list&quot;:[]}\">\n\t\t\t\t\t\t<div class=\"elementor-container elementor-column-gap-default\">\n\t\t\t\t\t<div class=\"make-column-clickable-elementor elementor-column elementor-col-50 elementor-top-column elementor-element elementor-element-da94cb1\" style=\"cursor: pointer;\" data-column-clickable=\"https:\/\/alst.org\/kategorie\/bildung\/ausstellungen\/\" data-column-clickable-blank=\"_self\" data-id=\"da94cb1\" data-element_type=\"column\" data-e-type=\"column\" data-settings=\"{&quot;background_background&quot;:&quot;classic&quot;}\">\n\t\t\t<div class=\"elementor-widget-wrap elementor-element-populated\">\n\t\t\t\t\t<div class=\"elementor-background-overlay\"><\/div>\n\t\t\t\t\t\t<div class=\"elementor-element elementor-element-566f22cd elementor-widget elementor-widget-heading\" data-id=\"566f22cd\" data-element_type=\"widget\" data-e-type=\"widget\" data-widget_type=\"heading.default\">\n\t\t\t\t\t<h2 class=\"elementor-heading-title elementor-size-default\">Expositions en allemand<\/h2>\t\t\t\t<\/div>\n\t\t\t\t\t<\/div>\n\t\t<\/div>\n\t\t\t\t<div class=\"make-column-clickable-elementor elementor-column elementor-col-50 elementor-top-column elementor-element elementor-element-2e955e97\" style=\"cursor: pointer;\" data-column-clickable=\"https:\/\/alst.org\/en\/category\/education\/exhibitions-en\/\" data-column-clickable-blank=\"_self\" data-id=\"2e955e97\" data-element_type=\"column\" data-e-type=\"column\" data-settings=\"{&quot;background_background&quot;:&quot;classic&quot;}\">\n\t\t\t<div class=\"elementor-widget-wrap elementor-element-populated\">\n\t\t\t\t\t<div class=\"elementor-background-overlay\"><\/div>\n\t\t\t\t\t\t<div class=\"elementor-element elementor-element-9de73d5 elementor-widget elementor-widget-heading\" data-id=\"9de73d5\" data-element_type=\"widget\" data-e-type=\"widget\" data-widget_type=\"heading.default\">\n\t\t\t\t\t<h2 class=\"elementor-heading-title elementor-size-default\">Expositions en anglais<\/h2>\t\t\t\t<\/div>\n\t\t\t\t\t<\/div>\n\t\t<\/div>\n\t\t\t\t\t<\/div>\n\t\t<\/section>\n\t\t\t\t<\/div>\n\t\t","protected":false},"excerpt":{"rendered":"<p>Expositions La Fondation Stiftung Denkmal f\u00fcr die ermordeten Juden Europas, qui s&rsquo;occupe des monuments nationaux de la R\u00e9publique f\u00e9d\u00e9rale d&rsquo;Allemagne d\u00e9di\u00e9s aux victimes du national-socialisme, utilise l&rsquo;histoire de Simone Arnold-Liebster sur son site Internet pour les jeunes\u00ab\u00a0Tu es diff\u00e9rent\u00ab\u00a0. Les photos de cette page proviennent de la Stiftung Denkmal, photographe : Marko Priske. Vous trouverez [&hellip;]<\/p>\n","protected":false},"author":1,"featured_media":11029,"parent":0,"menu_order":0,"comment_status":"closed","ping_status":"closed","template":"elementor_header_footer","meta":{"inline_featured_image":false,"footnotes":""},"class_list":["post-7870","page","type-page","status-publish","has-post-thumbnail","hentry"],"_links":{"self":[{"href":"https:\/\/alst.org\/fr\/wp-json\/wp\/v2\/pages\/7870","targetHints":{"allow":["GET"]}}],"collection":[{"href":"https:\/\/alst.org\/fr\/wp-json\/wp\/v2\/pages"}],"about":[{"href":"https:\/\/alst.org\/fr\/wp-json\/wp\/v2\/types\/page"}],"author":[{"embeddable":true,"href":"https:\/\/alst.org\/fr\/wp-json\/wp\/v2\/users\/1"}],"replies":[{"embeddable":true,"href":"https:\/\/alst.org\/fr\/wp-json\/wp\/v2\/comments?post=7870"}],"version-history":[{"count":9,"href":"https:\/\/alst.org\/fr\/wp-json\/wp\/v2\/pages\/7870\/revisions"}],"predecessor-version":[{"id":8920,"href":"https:\/\/alst.org\/fr\/wp-json\/wp\/v2\/pages\/7870\/revisions\/8920"}],"wp:featuredmedia":[{"embeddable":true,"href":"https:\/\/alst.org\/fr\/wp-json\/wp\/v2\/media\/11029"}],"wp:attachment":[{"href":"https:\/\/alst.org\/fr\/wp-json\/wp\/v2\/media?parent=7870"}],"curies":[{"name":"wp","href":"https:\/\/api.w.org\/{rel}","templated":true}]}}