{"id":8177,"date":"2022-08-08T16:54:36","date_gmt":"2022-08-08T16:54:36","guid":{"rendered":"https:\/\/alst.org\/la-fundacion\/"},"modified":"2026-01-14T18:15:52","modified_gmt":"2026-01-14T18:15:52","slug":"la-fundacion","status":"publish","type":"page","link":"https:\/\/alst.org\/es\/la-fundacion\/","title":{"rendered":"La Fundaci\u00f3n"},"content":{"rendered":"\t\t<div data-elementor-type=\"wp-page\" data-elementor-id=\"8177\" class=\"elementor elementor-8177 elementor-7930\" data-elementor-post-type=\"page\">\n\t\t\t\t\t\t<section class=\"elementor-section elementor-top-section elementor-element elementor-element-77fb24cf elementor-section-boxed elementor-section-height-default elementor-section-height-default\" data-id=\"77fb24cf\" data-element_type=\"section\" data-e-type=\"section\" data-settings=\"{&quot;jet_parallax_layout_list&quot;:[]}\">\n\t\t\t\t\t\t<div class=\"elementor-container elementor-column-gap-default\">\n\t\t\t\t\t<div class=\"elementor-column elementor-col-100 elementor-top-column elementor-element elementor-element-5f389939\" data-id=\"5f389939\" data-element_type=\"column\" data-e-type=\"column\">\n\t\t\t<div class=\"elementor-widget-wrap elementor-element-populated\">\n\t\t\t\t\t\t<div class=\"elementor-element elementor-element-59ef2a7c elementor-widget elementor-widget-heading\" data-id=\"59ef2a7c\" data-element_type=\"widget\" data-e-type=\"widget\" data-widget_type=\"heading.default\">\n\t\t\t\t\t<h1 class=\"elementor-heading-title elementor-size-default\">La fundaci\u00f3n<\/h1>\t\t\t\t<\/div>\n\t\t\t\t\t<\/div>\n\t\t<\/div>\n\t\t\t\t\t<\/div>\n\t\t<\/section>\n\t\t\t\t<section class=\"elementor-section elementor-top-section elementor-element elementor-element-5dc5f21e elementor-section-boxed elementor-section-height-default elementor-section-height-default\" data-id=\"5dc5f21e\" data-element_type=\"section\" data-e-type=\"section\" data-settings=\"{&quot;jet_parallax_layout_list&quot;:[]}\">\n\t\t\t\t\t\t<div class=\"elementor-container elementor-column-gap-no\">\n\t\t\t\t\t<div class=\"elementor-column elementor-col-100 elementor-top-column elementor-element elementor-element-6c1fecc6\" data-id=\"6c1fecc6\" data-element_type=\"column\" data-e-type=\"column\">\n\t\t\t<div class=\"elementor-widget-wrap elementor-element-populated\">\n\t\t\t\t\t\t<div class=\"elementor-element elementor-element-67995eb0 elementor-widget elementor-widget-spacer\" data-id=\"67995eb0\" data-element_type=\"widget\" data-e-type=\"widget\" data-widget_type=\"spacer.default\">\n\t\t\t\t\t\t\t<div class=\"elementor-spacer\">\n\t\t\t<div class=\"elementor-spacer-inner\"><\/div>\n\t\t<\/div>\n\t\t\t\t\t\t<\/div>\n\t\t\t\t\t<\/div>\n\t\t<\/div>\n\t\t\t\t\t<\/div>\n\t\t<\/section>\n\t\t\t\t<section class=\"elementor-section elementor-top-section elementor-element elementor-element-2a8dcb40 elementor-section-boxed elementor-section-height-default elementor-section-height-default\" data-id=\"2a8dcb40\" data-element_type=\"section\" data-e-type=\"section\" data-settings=\"{&quot;jet_parallax_layout_list&quot;:[]}\">\n\t\t\t\t\t\t<div class=\"elementor-container elementor-column-gap-default\">\n\t\t\t\t\t<div class=\"elementor-column elementor-col-100 elementor-top-column elementor-element elementor-element-4c0b891c\" data-id=\"4c0b891c\" data-element_type=\"column\" data-e-type=\"column\">\n\t\t\t<div class=\"elementor-widget-wrap elementor-element-populated\">\n\t\t\t\t\t\t<div class=\"elementor-element elementor-element-1d61042b elementor-widget elementor-widget-text-editor\" data-id=\"1d61042b\" data-element_type=\"widget\" data-e-type=\"widget\" data-widget_type=\"text-editor.default\">\n\t\t\t\t\t\t\t\t\t<p>La Fundaci\u00f3n Arnold-Liebster fue creada en 2002 por Max Liebster y Simone Arnold-Liebster, dos supervivientes de la persecuci\u00f3n nacionalsocialista, para dar a las generaciones futuras la oportunidad de aprender de la historia. Como organizaci\u00f3n apol\u00edtica y sin \u00e1nimo de lucro, la Fundaci\u00f3n se esfuerza por mantener viva la memoria de las v\u00edctimas de las dictaduras y la persecuci\u00f3n religiosa. Con el fin de promover la paz, la tolerancia y la protecci\u00f3n de los derechos humanos, especialmente la libertad religiosa, la fundaci\u00f3n apoya proyectos de acercamiento a la historia y programas educativos.<\/p><h3>PROP\u00d3SITO<\/h3><p>La Fundaci\u00f3n Arnold Liebster se esfuerza por promover la paz, la tolerancia y el respeto de los derechos humanos, especialmente la libertad religiosa, por medios pac\u00edficos y no pol\u00edticos.<\/p><p>La Fundaci\u00f3n desarrolla su actividad a nivel internacional y, bas\u00e1ndose en las experiencias de sus fundadores Max Liebster y Simone Arnold-Liebster durante el Holocausto, apoya proyectos de acercamiento a la historia, formaci\u00f3n de profesores, seminarios, actos de debate, publicaciones, exposiciones, proyecciones de pel\u00edculas y otras actividades similares destinadas a ayudar a los j\u00f3venes a rechazar el racismo, el nacionalismo xen\u00f3fobo y la violencia, as\u00ed como a aprender a escuchar la voz de su conciencia. La Fundaci\u00f3n Arnold Liebster se apoya en el objetivo vital de sus fundadores de promover la paz.<\/p><h3>CONSEJO<\/h3><ul><li>Uwe Klages (Presidente)<\/li><li>Andreas Paul (Vicepresidente)<\/li><li>Uwe Langhals<\/li><li>Kirsten Paul<\/li><li>Lena Bergmann<\/li><li>Mario Bergmann<\/li><\/ul>\t\t\t\t\t\t\t\t<\/div>\n\t\t\t\t\t<\/div>\n\t\t<\/div>\n\t\t\t\t\t<\/div>\n\t\t<\/section>\n\t\t\t\t<\/div>\n\t\t","protected":false},"excerpt":{"rendered":"<p>La fundaci\u00f3n La Fundaci\u00f3n Arnold-Liebster fue creada en 2002 por Max Liebster y Simone Arnold-Liebster, dos supervivientes de la persecuci\u00f3n nacionalsocialista, para dar a las generaciones futuras la oportunidad de aprender de la historia. Como organizaci\u00f3n apol\u00edtica y sin \u00e1nimo de lucro, la Fundaci\u00f3n se esfuerza por mantener viva la memoria de las v\u00edctimas de [&hellip;]<\/p>\n","protected":false},"author":1,"featured_media":11029,"parent":0,"menu_order":0,"comment_status":"closed","ping_status":"closed","template":"elementor_header_footer","meta":{"inline_featured_image":false,"footnotes":""},"class_list":["post-8177","page","type-page","status-publish","has-post-thumbnail","hentry"],"_links":{"self":[{"href":"https:\/\/alst.org\/es\/wp-json\/wp\/v2\/pages\/8177","targetHints":{"allow":["GET"]}}],"collection":[{"href":"https:\/\/alst.org\/es\/wp-json\/wp\/v2\/pages"}],"about":[{"href":"https:\/\/alst.org\/es\/wp-json\/wp\/v2\/types\/page"}],"author":[{"embeddable":true,"href":"https:\/\/alst.org\/es\/wp-json\/wp\/v2\/users\/1"}],"replies":[{"embeddable":true,"href":"https:\/\/alst.org\/es\/wp-json\/wp\/v2\/comments?post=8177"}],"version-history":[{"count":8,"href":"https:\/\/alst.org\/es\/wp-json\/wp\/v2\/pages\/8177\/revisions"}],"predecessor-version":[{"id":16170,"href":"https:\/\/alst.org\/es\/wp-json\/wp\/v2\/pages\/8177\/revisions\/16170"}],"wp:featuredmedia":[{"embeddable":true,"href":"https:\/\/alst.org\/es\/wp-json\/wp\/v2\/media\/11029"}],"wp:attachment":[{"href":"https:\/\/alst.org\/es\/wp-json\/wp\/v2\/media?parent=8177"}],"curies":[{"name":"wp","href":"https:\/\/api.w.org\/{rel}","templated":true}]}}