{"id":8171,"date":"2022-08-02T12:23:17","date_gmt":"2022-08-02T12:23:17","guid":{"rendered":"https:\/\/alst.org\/documentos\/"},"modified":"2022-08-09T13:24:43","modified_gmt":"2022-08-09T13:24:43","slug":"documentos","status":"publish","type":"page","link":"https:\/\/alst.org\/es\/documentos\/","title":{"rendered":"Documentos"},"content":{"rendered":"\t\t<div data-elementor-type=\"wp-page\" data-elementor-id=\"8171\" class=\"elementor elementor-8171 elementor-6873\" data-elementor-post-type=\"page\">\n\t\t\t\t\t\t<section class=\"elementor-section elementor-top-section elementor-element elementor-element-4ecb9745 elementor-section-boxed elementor-section-height-default elementor-section-height-default\" data-id=\"4ecb9745\" data-element_type=\"section\" data-e-type=\"section\" data-settings=\"{&quot;jet_parallax_layout_list&quot;:[]}\">\n\t\t\t\t\t\t<div class=\"elementor-container elementor-column-gap-default\">\n\t\t\t\t\t<div class=\"elementor-column elementor-col-100 elementor-top-column elementor-element elementor-element-3f2015fd\" data-id=\"3f2015fd\" data-element_type=\"column\" data-e-type=\"column\">\n\t\t\t<div class=\"elementor-widget-wrap elementor-element-populated\">\n\t\t\t\t\t\t<div class=\"elementor-element elementor-element-1e0c6493 elementor-widget elementor-widget-heading\" data-id=\"1e0c6493\" data-element_type=\"widget\" data-e-type=\"widget\" data-widget_type=\"heading.default\">\n\t\t\t\t\t<h1 class=\"elementor-heading-title elementor-size-default\">Documentos<\/h1>\t\t\t\t<\/div>\n\t\t\t\t\t<\/div>\n\t\t<\/div>\n\t\t\t\t\t<\/div>\n\t\t<\/section>\n\t\t\t\t<section class=\"elementor-section elementor-top-section elementor-element elementor-element-2152d806 elementor-section-boxed elementor-section-height-default elementor-section-height-default\" data-id=\"2152d806\" data-element_type=\"section\" data-e-type=\"section\" data-settings=\"{&quot;jet_parallax_layout_list&quot;:[]}\">\n\t\t\t\t\t\t<div class=\"elementor-container elementor-column-gap-no\">\n\t\t\t\t\t<div class=\"elementor-column elementor-col-100 elementor-top-column elementor-element elementor-element-4808737c\" data-id=\"4808737c\" data-element_type=\"column\" data-e-type=\"column\">\n\t\t\t<div class=\"elementor-widget-wrap elementor-element-populated\">\n\t\t\t\t\t\t<div class=\"elementor-element elementor-element-12a0cf31 elementor-widget elementor-widget-spacer\" data-id=\"12a0cf31\" data-element_type=\"widget\" data-e-type=\"widget\" data-widget_type=\"spacer.default\">\n\t\t\t\t\t\t\t<div class=\"elementor-spacer\">\n\t\t\t<div class=\"elementor-spacer-inner\"><\/div>\n\t\t<\/div>\n\t\t\t\t\t\t<\/div>\n\t\t\t\t\t<\/div>\n\t\t<\/div>\n\t\t\t\t\t<\/div>\n\t\t<\/section>\n\t\t\t\t<section class=\"elementor-section elementor-top-section elementor-element elementor-element-37ec1948 elementor-section-boxed elementor-section-height-default elementor-section-height-default\" data-id=\"37ec1948\" data-element_type=\"section\" data-e-type=\"section\" data-settings=\"{&quot;jet_parallax_layout_list&quot;:[]}\">\n\t\t\t\t\t\t<div class=\"elementor-container elementor-column-gap-default\">\n\t\t\t\t\t<div class=\"elementor-column elementor-col-100 elementor-top-column elementor-element elementor-element-131dce8c\" data-id=\"131dce8c\" data-element_type=\"column\" data-e-type=\"column\">\n\t\t\t<div class=\"elementor-widget-wrap elementor-element-populated\">\n\t\t\t\t\t\t<div class=\"elementor-element elementor-element-101329ce elementor-widget elementor-widget-text-editor\" data-id=\"101329ce\" data-element_type=\"widget\" data-e-type=\"widget\" data-widget_type=\"text-editor.default\">\n\t\t\t\t\t\t\t\t\t<p>En el centro del trabajo de educaci\u00f3n hist\u00f3rica y de la investigaci\u00f3n est\u00e1 el examen de las fuentes. Textos, objetos materiales, <a href=\"https:\/\/alst.org\/es\/educacion\/videos-es\/material-pedagogico-peliculas-y-videos\/\">grabaciones audiovisuales<\/a> y otras fuentes dan testimonio del pasado. Pero su importancia no es evidente. Se les hace hablar a trav\u00e9s de nuestro compromiso informado con ellos, a trav\u00e9s de nuestras preguntas.<\/p><p>En esta secci\u00f3n ofrecemos continuamente documentos importantes sobre la historia de la persecuci\u00f3n y la resistencia de la comunidad cristiana de los Testigos de Jehov\u00e1. Se hace especial hincapi\u00e9 en la persecuci\u00f3n de ni\u00f1os y j\u00f3venes bajo el nacionalsocialismo. Las clasificaciones hist\u00f3ricas y los textos que las acompa\u00f1an informan sobre los contextos y la importancia de los documentos.<\/p>\t\t\t\t\t\t\t\t<\/div>\n\t\t\t\t\t<\/div>\n\t\t<\/div>\n\t\t\t\t\t<\/div>\n\t\t<\/section>\n\t\t\t\t<section class=\"elementor-section elementor-top-section elementor-element elementor-element-7fe447a9 elementor-section-boxed elementor-section-height-default elementor-section-height-default\" data-id=\"7fe447a9\" data-element_type=\"section\" data-e-type=\"section\" data-settings=\"{&quot;jet_parallax_layout_list&quot;:[]}\">\n\t\t\t\t\t\t<div class=\"elementor-container elementor-column-gap-default\">\n\t\t\t\t\t<div class=\"make-column-clickable-elementor elementor-column elementor-col-33 elementor-top-column elementor-element elementor-element-1fb2ae70\" style=\"cursor: pointer;\" data-column-clickable=\"https:\/\/alst.org\/kategorie\/dokumente\/ausstellungsobjekte\/\" data-column-clickable-blank=\"_self\" data-id=\"1fb2ae70\" data-element_type=\"column\" data-e-type=\"column\" data-settings=\"{&quot;background_background&quot;:&quot;classic&quot;}\">\n\t\t\t<div class=\"elementor-widget-wrap elementor-element-populated\">\n\t\t\t\t\t<div class=\"elementor-background-overlay\"><\/div>\n\t\t\t\t\t\t<div class=\"elementor-element elementor-element-3495a1d9 elementor-widget elementor-widget-heading\" data-id=\"3495a1d9\" data-element_type=\"widget\" data-e-type=\"widget\" data-widget_type=\"heading.default\">\n\t\t\t\t\t<h2 class=\"elementor-heading-title elementor-size-default\"><a href=\"https:\/\/alst.org\/kategorie\/dokumente\/ausstellungsobjekte\/\">Exposiciones<\/a><\/h2>\t\t\t\t<\/div>\n\t\t\t\t\t<\/div>\n\t\t<\/div>\n\t\t\t\t<div class=\"make-column-clickable-elementor elementor-column elementor-col-33 elementor-top-column elementor-element elementor-element-52ff9d22\" style=\"cursor: pointer;\" data-column-clickable=\"https:\/\/alst.org\/kategorie\/dokumente\/verfolgung-von-kindern-und-jugendlichen\/\" data-column-clickable-blank=\"_self\" data-id=\"52ff9d22\" data-element_type=\"column\" data-e-type=\"column\" data-settings=\"{&quot;background_background&quot;:&quot;classic&quot;}\">\n\t\t\t<div class=\"elementor-widget-wrap elementor-element-populated\">\n\t\t\t\t\t<div class=\"elementor-background-overlay\"><\/div>\n\t\t\t\t\t\t<div class=\"elementor-element elementor-element-4d530b57 elementor-widget elementor-widget-heading\" data-id=\"4d530b57\" data-element_type=\"widget\" data-e-type=\"widget\" data-widget_type=\"heading.default\">\n\t\t\t\t\t<h2 class=\"elementor-heading-title elementor-size-default\"><a href=\"https:\/\/alst.org\/kategorie\/dokumente\/verfolgung-von-kindern-und-jugendlichen\/\">Persecuci\u00f3n de ni\u00f1os y j\u00f3venes<\/a><\/h2>\t\t\t\t<\/div>\n\t\t\t\t\t<\/div>\n\t\t<\/div>\n\t\t\t\t<div class=\"make-column-clickable-elementor elementor-column elementor-col-33 elementor-top-column elementor-element elementor-element-63bfb591\" style=\"cursor: pointer;\" data-column-clickable=\"https:\/\/alst.org\/kategorie\/dokumente\/zeugnisse-des-widerstands\/\" data-column-clickable-blank=\"_self\" data-id=\"63bfb591\" data-element_type=\"column\" data-e-type=\"column\" data-settings=\"{&quot;background_background&quot;:&quot;classic&quot;}\">\n\t\t\t<div class=\"elementor-widget-wrap elementor-element-populated\">\n\t\t\t\t\t<div class=\"elementor-background-overlay\"><\/div>\n\t\t\t\t\t\t<div class=\"elementor-element elementor-element-30799410 elementor-widget elementor-widget-heading\" data-id=\"30799410\" data-element_type=\"widget\" data-e-type=\"widget\" data-widget_type=\"heading.default\">\n\t\t\t\t\t<h2 class=\"elementor-heading-title elementor-size-default\"><a href=\"https:\/\/alst.org\/kategorie\/dokumente\/zeugnisse-des-widerstands\/\">Testimonios de resistencia<\/a><\/h2>\t\t\t\t<\/div>\n\t\t\t\t\t<\/div>\n\t\t<\/div>\n\t\t\t\t\t<\/div>\n\t\t<\/section>\n\t\t\t\t<\/div>\n\t\t","protected":false},"excerpt":{"rendered":"<p>Documentos En el centro del trabajo de educaci\u00f3n hist\u00f3rica y de la investigaci\u00f3n est\u00e1 el examen de las fuentes. Textos, objetos materiales, grabaciones audiovisuales y otras fuentes dan testimonio del pasado. Pero su importancia no es evidente. Se les hace hablar a trav\u00e9s de nuestro compromiso informado con ellos, a trav\u00e9s de nuestras preguntas. En [&hellip;]<\/p>\n","protected":false},"author":1,"featured_media":11029,"parent":0,"menu_order":0,"comment_status":"closed","ping_status":"closed","template":"elementor_header_footer","meta":{"inline_featured_image":false,"footnotes":""},"class_list":["post-8171","page","type-page","status-publish","has-post-thumbnail","hentry"],"_links":{"self":[{"href":"https:\/\/alst.org\/es\/wp-json\/wp\/v2\/pages\/8171","targetHints":{"allow":["GET"]}}],"collection":[{"href":"https:\/\/alst.org\/es\/wp-json\/wp\/v2\/pages"}],"about":[{"href":"https:\/\/alst.org\/es\/wp-json\/wp\/v2\/types\/page"}],"author":[{"embeddable":true,"href":"https:\/\/alst.org\/es\/wp-json\/wp\/v2\/users\/1"}],"replies":[{"embeddable":true,"href":"https:\/\/alst.org\/es\/wp-json\/wp\/v2\/comments?post=8171"}],"version-history":[{"count":9,"href":"https:\/\/alst.org\/es\/wp-json\/wp\/v2\/pages\/8171\/revisions"}],"predecessor-version":[{"id":8574,"href":"https:\/\/alst.org\/es\/wp-json\/wp\/v2\/pages\/8171\/revisions\/8574"}],"wp:featuredmedia":[{"embeddable":true,"href":"https:\/\/alst.org\/es\/wp-json\/wp\/v2\/media\/11029"}],"wp:attachment":[{"href":"https:\/\/alst.org\/es\/wp-json\/wp\/v2\/media?parent=8171"}],"curies":[{"name":"wp","href":"https:\/\/api.w.org\/{rel}","templated":true}]}}