{"id":7968,"date":"2021-08-06T13:39:21","date_gmt":"2021-08-06T13:39:21","guid":{"rendered":"https:\/\/alst.org\/sobre-nosotros\/"},"modified":"2022-09-02T19:54:17","modified_gmt":"2022-09-02T19:54:17","slug":"sobre-nosotros","status":"publish","type":"page","link":"https:\/\/alst.org\/es\/sobre-nosotros\/","title":{"rendered":"Sobre nosotros"},"content":{"rendered":"\t\t<div data-elementor-type=\"wp-page\" data-elementor-id=\"7968\" class=\"elementor elementor-7968 elementor-22\" data-elementor-post-type=\"page\">\n\t\t\t\t\t\t<section class=\"elementor-section elementor-top-section elementor-element elementor-element-6aeab0d9 elementor-section-boxed elementor-section-height-default elementor-section-height-default\" data-id=\"6aeab0d9\" data-element_type=\"section\" data-e-type=\"section\" data-settings=\"{&quot;jet_parallax_layout_list&quot;:[]}\">\n\t\t\t\t\t\t<div class=\"elementor-container elementor-column-gap-default\">\n\t\t\t\t\t<div class=\"elementor-column elementor-col-100 elementor-top-column elementor-element elementor-element-2150716\" data-id=\"2150716\" data-element_type=\"column\" data-e-type=\"column\">\n\t\t\t<div class=\"elementor-widget-wrap elementor-element-populated\">\n\t\t\t\t\t\t<div class=\"elementor-element elementor-element-6bd25a10 elementor-widget elementor-widget-heading\" data-id=\"6bd25a10\" data-element_type=\"widget\" data-e-type=\"widget\" data-widget_type=\"heading.default\">\n\t\t\t\t\t<h1 class=\"elementor-heading-title elementor-size-default\">Sobre nosotros<\/h1>\t\t\t\t<\/div>\n\t\t\t\t\t<\/div>\n\t\t<\/div>\n\t\t\t\t\t<\/div>\n\t\t<\/section>\n\t\t\t\t<section class=\"elementor-section elementor-top-section elementor-element elementor-element-39367f3a elementor-section-boxed elementor-section-height-default elementor-section-height-default\" data-id=\"39367f3a\" data-element_type=\"section\" data-e-type=\"section\" data-settings=\"{&quot;jet_parallax_layout_list&quot;:[]}\">\n\t\t\t\t\t\t<div class=\"elementor-container elementor-column-gap-no\">\n\t\t\t\t\t<div class=\"elementor-column elementor-col-100 elementor-top-column elementor-element elementor-element-6aff0348\" data-id=\"6aff0348\" data-element_type=\"column\" data-e-type=\"column\">\n\t\t\t<div class=\"elementor-widget-wrap elementor-element-populated\">\n\t\t\t\t\t\t<div class=\"elementor-element elementor-element-18c6f1e4 elementor-widget elementor-widget-spacer\" data-id=\"18c6f1e4\" data-element_type=\"widget\" data-e-type=\"widget\" data-widget_type=\"spacer.default\">\n\t\t\t\t\t\t\t<div class=\"elementor-spacer\">\n\t\t\t<div class=\"elementor-spacer-inner\"><\/div>\n\t\t<\/div>\n\t\t\t\t\t\t<\/div>\n\t\t\t\t\t<\/div>\n\t\t<\/div>\n\t\t\t\t\t<\/div>\n\t\t<\/section>\n\t\t\t\t<section class=\"elementor-section elementor-top-section elementor-element elementor-element-e083539 elementor-section-boxed elementor-section-height-default elementor-section-height-default\" data-id=\"e083539\" data-element_type=\"section\" data-e-type=\"section\" data-settings=\"{&quot;jet_parallax_layout_list&quot;:[]}\">\n\t\t\t\t\t\t<div class=\"elementor-container elementor-column-gap-default\">\n\t\t\t\t\t<div class=\"elementor-column elementor-col-100 elementor-top-column elementor-element elementor-element-36de0a80\" data-id=\"36de0a80\" data-element_type=\"column\" data-e-type=\"column\">\n\t\t\t<div class=\"elementor-widget-wrap elementor-element-populated\">\n\t\t\t\t\t\t<div class=\"elementor-element elementor-element-7079397c elementor-widget elementor-widget-text-editor\" data-id=\"7079397c\" data-element_type=\"widget\" data-e-type=\"widget\" data-widget_type=\"text-editor.default\">\n\t\t\t\t\t\t\t\t\t<p>\u00bfEn que consist\u00eda esa \u201cresistencia moral\u201d que nos permiti\u00f3 mantenernos firmes ante un Estado tir\u00e1nico? Dibujo de Simone Arnold, 12 a\u00f1os, interrogada en Mulhouse, Alsacia en marzo de 1943.Oponer a una propaganda omnipresente la firmeza de nuestras convicciones, responder a las persecuciones odiosas con el amor y con el perd\u00f3n, vencer la desesperaci\u00f3n gracias a la profundidad de nuestra esperanza&#8230; Esperamos que estos temas de reflexi\u00f3n, los testimonios y los relatos que vienen a continuaci\u00f3n ayuden a nuestros visitantes a comprender como la intolerancia desemboca en el rechazo, la persecuci\u00f3n y la exterminaci\u00f3n. Y puedan tambi\u00e9n infundir fuerza y \u00e1nimo a aquellos que sufren bajo cualquier forma de opresi\u00f3n.<\/p>\t\t\t\t\t\t\t\t<\/div>\n\t\t\t\t\t<\/div>\n\t\t<\/div>\n\t\t\t\t\t<\/div>\n\t\t<\/section>\n\t\t\t\t<section class=\"elementor-section elementor-top-section elementor-element elementor-element-547e7b23 elementor-section-boxed elementor-section-height-default elementor-section-height-default\" data-id=\"547e7b23\" data-element_type=\"section\" data-e-type=\"section\" data-settings=\"{&quot;jet_parallax_layout_list&quot;:[]}\">\n\t\t\t\t\t\t<div class=\"elementor-container elementor-column-gap-default\">\n\t\t\t\t\t<div class=\"make-column-clickable-elementor elementor-column elementor-col-50 elementor-top-column elementor-element elementor-element-33b5439a\" style=\"cursor: pointer;\" data-column-clickable=\"https:\/\/alst.org\/die-stifter\/\" data-column-clickable-blank=\"_self\" data-id=\"33b5439a\" data-element_type=\"column\" data-e-type=\"column\" data-settings=\"{&quot;background_background&quot;:&quot;classic&quot;}\">\n\t\t\t<div class=\"elementor-widget-wrap elementor-element-populated\">\n\t\t\t\t\t<div class=\"elementor-background-overlay\"><\/div>\n\t\t\t\t\t\t<div class=\"elementor-element elementor-element-47d3f60a elementor-widget elementor-widget-heading\" data-id=\"47d3f60a\" data-element_type=\"widget\" data-e-type=\"widget\" data-widget_type=\"heading.default\">\n\t\t\t\t\t<h2 class=\"elementor-heading-title elementor-size-default\"><a href=\"https:\/\/alst.org\/es\/los-fundadores\/\">Los fundadores<\/a><\/h2>\t\t\t\t<\/div>\n\t\t\t\t\t<\/div>\n\t\t<\/div>\n\t\t\t\t<div class=\"make-column-clickable-elementor elementor-column elementor-col-50 elementor-top-column elementor-element elementor-element-23a558c7\" style=\"cursor: pointer;\" data-column-clickable=\"https:\/\/alst.org\/die-stiftung\/\" data-column-clickable-blank=\"_self\" data-id=\"23a558c7\" data-element_type=\"column\" data-e-type=\"column\" data-settings=\"{&quot;background_background&quot;:&quot;classic&quot;}\">\n\t\t\t<div class=\"elementor-widget-wrap elementor-element-populated\">\n\t\t\t\t\t<div class=\"elementor-background-overlay\"><\/div>\n\t\t\t\t\t\t<div class=\"elementor-element elementor-element-210d4e9c elementor-widget elementor-widget-heading\" data-id=\"210d4e9c\" data-element_type=\"widget\" data-e-type=\"widget\" data-widget_type=\"heading.default\">\n\t\t\t\t\t<h2 class=\"elementor-heading-title elementor-size-default\"><a href=\"https:\/\/alst.org\/es\/la-fundacion\/\">La Fundaci\u00f3n<\/a><\/h2>\t\t\t\t<\/div>\n\t\t\t\t\t<\/div>\n\t\t<\/div>\n\t\t\t\t\t<\/div>\n\t\t<\/section>\n\t\t\t\t<\/div>\n\t\t","protected":false},"excerpt":{"rendered":"<p>Sobre nosotros \u00bfEn que consist\u00eda esa \u201cresistencia moral\u201d que nos permiti\u00f3 mantenernos firmes ante un Estado tir\u00e1nico? Dibujo de Simone Arnold, 12 a\u00f1os, interrogada en Mulhouse, Alsacia en marzo de 1943.Oponer a una propaganda omnipresente la firmeza de nuestras convicciones, responder a las persecuciones odiosas con el amor y con el perd\u00f3n, vencer la desesperaci\u00f3n [&hellip;]<\/p>\n","protected":false},"author":1,"featured_media":11029,"parent":0,"menu_order":0,"comment_status":"closed","ping_status":"closed","template":"elementor_header_footer","meta":{"inline_featured_image":false,"footnotes":""},"class_list":["post-7968","page","type-page","status-publish","has-post-thumbnail","hentry"],"_links":{"self":[{"href":"https:\/\/alst.org\/es\/wp-json\/wp\/v2\/pages\/7968","targetHints":{"allow":["GET"]}}],"collection":[{"href":"https:\/\/alst.org\/es\/wp-json\/wp\/v2\/pages"}],"about":[{"href":"https:\/\/alst.org\/es\/wp-json\/wp\/v2\/types\/page"}],"author":[{"embeddable":true,"href":"https:\/\/alst.org\/es\/wp-json\/wp\/v2\/users\/1"}],"replies":[{"embeddable":true,"href":"https:\/\/alst.org\/es\/wp-json\/wp\/v2\/comments?post=7968"}],"version-history":[{"count":7,"href":"https:\/\/alst.org\/es\/wp-json\/wp\/v2\/pages\/7968\/revisions"}],"predecessor-version":[{"id":11111,"href":"https:\/\/alst.org\/es\/wp-json\/wp\/v2\/pages\/7968\/revisions\/11111"}],"wp:featuredmedia":[{"embeddable":true,"href":"https:\/\/alst.org\/es\/wp-json\/wp\/v2\/media\/11029"}],"wp:attachment":[{"href":"https:\/\/alst.org\/es\/wp-json\/wp\/v2\/media?parent=7968"}],"curies":[{"name":"wp","href":"https:\/\/api.w.org\/{rel}","templated":true}]}}