{"id":7916,"date":"2022-08-02T09:10:00","date_gmt":"2022-08-02T09:10:00","guid":{"rendered":"https:\/\/alst.org\/monumentos\/"},"modified":"2022-08-24T11:44:34","modified_gmt":"2022-08-24T11:44:34","slug":"monumentos","status":"publish","type":"page","link":"https:\/\/alst.org\/es\/monumentos\/","title":{"rendered":"Monumentos"},"content":{"rendered":"\t\t<div data-elementor-type=\"wp-page\" data-elementor-id=\"7916\" class=\"elementor elementor-7916 elementor-6646\" data-elementor-post-type=\"page\">\n\t\t\t\t\t\t<section class=\"elementor-section elementor-top-section elementor-element elementor-element-2c259796 elementor-section-boxed elementor-section-height-default elementor-section-height-default\" data-id=\"2c259796\" data-element_type=\"section\" data-e-type=\"section\" data-settings=\"{&quot;jet_parallax_layout_list&quot;:[]}\">\n\t\t\t\t\t\t<div class=\"elementor-container elementor-column-gap-default\">\n\t\t\t\t\t<div class=\"elementor-column elementor-col-100 elementor-top-column elementor-element elementor-element-4d227b3e\" data-id=\"4d227b3e\" data-element_type=\"column\" data-e-type=\"column\">\n\t\t\t<div class=\"elementor-widget-wrap elementor-element-populated\">\n\t\t\t\t\t\t<div class=\"elementor-element elementor-element-25f031e3 elementor-widget elementor-widget-heading\" data-id=\"25f031e3\" data-element_type=\"widget\" data-e-type=\"widget\" data-widget_type=\"heading.default\">\n\t\t\t\t\t<h1 class=\"elementor-heading-title elementor-size-default\">Monumentos<\/h1>\t\t\t\t<\/div>\n\t\t\t\t\t<\/div>\n\t\t<\/div>\n\t\t\t\t\t<\/div>\n\t\t<\/section>\n\t\t\t\t<section class=\"elementor-section elementor-top-section elementor-element elementor-element-56564010 elementor-section-boxed elementor-section-height-default elementor-section-height-default\" data-id=\"56564010\" data-element_type=\"section\" data-e-type=\"section\" data-settings=\"{&quot;jet_parallax_layout_list&quot;:[]}\">\n\t\t\t\t\t\t<div class=\"elementor-container elementor-column-gap-no\">\n\t\t\t\t\t<div class=\"elementor-column elementor-col-100 elementor-top-column elementor-element elementor-element-1f12677a\" data-id=\"1f12677a\" data-element_type=\"column\" data-e-type=\"column\">\n\t\t\t<div class=\"elementor-widget-wrap elementor-element-populated\">\n\t\t\t\t\t\t<div class=\"elementor-element elementor-element-10f9d4df elementor-widget elementor-widget-spacer\" data-id=\"10f9d4df\" data-element_type=\"widget\" data-e-type=\"widget\" data-widget_type=\"spacer.default\">\n\t\t\t\t\t\t\t<div class=\"elementor-spacer\">\n\t\t\t<div class=\"elementor-spacer-inner\"><\/div>\n\t\t<\/div>\n\t\t\t\t\t\t<\/div>\n\t\t\t\t\t<\/div>\n\t\t<\/div>\n\t\t\t\t\t<\/div>\n\t\t<\/section>\n\t\t\t\t<section class=\"elementor-section elementor-top-section elementor-element elementor-element-5f4b0429 elementor-section-boxed elementor-section-height-default elementor-section-height-default\" data-id=\"5f4b0429\" data-element_type=\"section\" data-e-type=\"section\" data-settings=\"{&quot;jet_parallax_layout_list&quot;:[]}\">\n\t\t\t\t\t\t<div class=\"elementor-container elementor-column-gap-default\">\n\t\t\t\t\t<div class=\"elementor-column elementor-col-100 elementor-top-column elementor-element elementor-element-59e05a6d\" data-id=\"59e05a6d\" data-element_type=\"column\" data-e-type=\"column\">\n\t\t\t<div class=\"elementor-widget-wrap elementor-element-populated\">\n\t\t\t\t\t\t<div class=\"elementor-element elementor-element-283b4264 elementor-widget elementor-widget-text-editor\" data-id=\"283b4264\" data-element_type=\"widget\" data-e-type=\"widget\" data-widget_type=\"text-editor.default\">\n\t\t\t\t\t\t\t\t\t<p>Los monumentos y carteles conmemorativos recuerdan a las v\u00edctimas del nacionalsocialismo y otras formas de tiran\u00eda y persecuci\u00f3n. Constituyen la base f\u00edsica de la cultura del recuerdo. Arrancan del olvido nombres y personas y as\u00ed se aseguran de que los perseguidores no tengan la \u00faltima palabra. Los monumentos y los carteles conmemorativos hacen que la historia sea tangible en el propio entorno y en la vida. Amonestan a los nacidos despu\u00e9s para que no vuelvan a dar cabida a la inhumanidad.<\/p><p>Desde su fundaci\u00f3n, la Fundaci\u00f3n Arnold Liebster se ha comprometido a conmemorar a las v\u00edctimas del nacionalsocialismo. Ha apoyado numerosos proyectos de monumentos y conmemoraciones y ha promovido la erecci\u00f3n del monumento a Max Liebster. Desde mediados de la d\u00e9cada de 2010, ha estado haciendo campa\u00f1a con otros supervivientes, expertos y personas comprometidas para que la Rep\u00fablica Federal de Alemania erija un monumento a los testigos de Jehov\u00e1 perseguidos y asesinados bajo el nacionalsocialismo, bajo el cuidado de la <a href=\"https:\/\/www.stiftung-denkmal.de\" target=\"_blank\" rel=\"noopener nofollow\">Fundaci\u00f3n Monumento a los Jud\u00edos Asesinados de<\/a> Europa.<\/p>\t\t\t\t\t\t\t\t<\/div>\n\t\t\t\t\t<\/div>\n\t\t<\/div>\n\t\t\t\t\t<\/div>\n\t\t<\/section>\n\t\t\t\t<section class=\"elementor-section elementor-top-section elementor-element elementor-element-148a5da2 elementor-section-boxed elementor-section-height-default elementor-section-height-default\" data-id=\"148a5da2\" data-element_type=\"section\" data-e-type=\"section\" data-settings=\"{&quot;jet_parallax_layout_list&quot;:[]}\">\n\t\t\t\t\t\t<div class=\"elementor-container elementor-column-gap-default\">\n\t\t\t\t\t<div class=\"elementor-column elementor-col-100 elementor-top-column elementor-element elementor-element-335a5831\" data-id=\"335a5831\" data-element_type=\"column\" data-e-type=\"column\" data-settings=\"{&quot;background_background&quot;:&quot;classic&quot;}\">\n\t\t\t<div class=\"elementor-widget-wrap elementor-element-populated\">\n\t\t\t\t\t<div class=\"elementor-background-overlay\"><\/div>\n\t\t\t\t\t\t<div class=\"elementor-element elementor-element-2a251420 elementor-widget elementor-widget-heading\" data-id=\"2a251420\" data-element_type=\"widget\" data-e-type=\"widget\" data-widget_type=\"heading.default\">\n\t\t\t\t\t<h2 class=\"elementor-heading-title elementor-size-default\">Monumento a los testigos de Jehov\u00e1 perseguidos y asesinados bajo el nacionalsocialismo en Europa<\/h2>\t\t\t\t<\/div>\n\t\t\t\t\t<\/div>\n\t\t<\/div>\n\t\t\t\t\t<\/div>\n\t\t<\/section>\n\t\t\t\t<section class=\"elementor-section elementor-top-section elementor-element elementor-element-765c4a7d elementor-section-boxed elementor-section-height-default elementor-section-height-default\" data-id=\"765c4a7d\" data-element_type=\"section\" data-e-type=\"section\" data-settings=\"{&quot;jet_parallax_layout_list&quot;:[]}\">\n\t\t\t\t\t\t<div class=\"elementor-container elementor-column-gap-default\">\n\t\t\t\t\t<div class=\"make-column-clickable-elementor elementor-column elementor-col-50 elementor-top-column elementor-element elementor-element-7950c7fb\" style=\"cursor: pointer;\" data-column-clickable=\"https:\/\/alst.org\/kategorie\/denkmaeler\/max-liebster-denkmal\/\" data-column-clickable-blank=\"_self\" data-id=\"7950c7fb\" data-element_type=\"column\" data-e-type=\"column\" data-settings=\"{&quot;background_background&quot;:&quot;classic&quot;}\">\n\t\t\t<div class=\"elementor-widget-wrap elementor-element-populated\">\n\t\t\t\t\t<div class=\"elementor-background-overlay\"><\/div>\n\t\t\t\t\t\t<div class=\"elementor-element elementor-element-5257c5f elementor-widget elementor-widget-heading\" data-id=\"5257c5f\" data-element_type=\"widget\" data-e-type=\"widget\" data-widget_type=\"heading.default\">\n\t\t\t\t\t<h2 class=\"elementor-heading-title elementor-size-default\"><a href=\"https:\/\/alst.org\/tag\/max-liebster\/\">Monumento a Max Liebster<\/a><\/h2>\t\t\t\t<\/div>\n\t\t\t\t\t<\/div>\n\t\t<\/div>\n\t\t\t\t<div class=\"make-column-clickable-elementor elementor-column elementor-col-50 elementor-top-column elementor-element elementor-element-5c399b82\" style=\"cursor: pointer;\" data-column-clickable=\"https:\/\/alst.org\/kategorie\/denkmaeler\/weitere-denkmaeler-und-gedenkzeichen\/\" data-column-clickable-blank=\"_self\" data-id=\"5c399b82\" data-element_type=\"column\" data-e-type=\"column\" data-settings=\"{&quot;background_background&quot;:&quot;classic&quot;}\">\n\t\t\t<div class=\"elementor-widget-wrap elementor-element-populated\">\n\t\t\t\t\t<div class=\"elementor-background-overlay\"><\/div>\n\t\t\t\t\t\t<div class=\"elementor-element elementor-element-6bf6d620 elementor-widget elementor-widget-heading\" data-id=\"6bf6d620\" data-element_type=\"widget\" data-e-type=\"widget\" data-widget_type=\"heading.default\">\n\t\t\t\t\t<h2 class=\"elementor-heading-title elementor-size-default\"><a href=\"https:\/\/alst.org\/kategorie\/denkmaeler\/weitere-denkmaeler-und-gedenkzeichen\/\">Otros monumentos y memoriales<\/a><\/h2>\t\t\t\t<\/div>\n\t\t\t\t\t<\/div>\n\t\t<\/div>\n\t\t\t\t\t<\/div>\n\t\t<\/section>\n\t\t\t\t<\/div>\n\t\t","protected":false},"excerpt":{"rendered":"<p>Monumentos Los monumentos y carteles conmemorativos recuerdan a las v\u00edctimas del nacionalsocialismo y otras formas de tiran\u00eda y persecuci\u00f3n. Constituyen la base f\u00edsica de la cultura del recuerdo. Arrancan del olvido nombres y personas y as\u00ed se aseguran de que los perseguidores no tengan la \u00faltima palabra. Los monumentos y los carteles conmemorativos hacen que [&hellip;]<\/p>\n","protected":false},"author":1,"featured_media":11029,"parent":0,"menu_order":0,"comment_status":"closed","ping_status":"closed","template":"elementor_header_footer","meta":{"inline_featured_image":false,"footnotes":""},"class_list":["post-7916","page","type-page","status-publish","has-post-thumbnail","hentry"],"_links":{"self":[{"href":"https:\/\/alst.org\/es\/wp-json\/wp\/v2\/pages\/7916","targetHints":{"allow":["GET"]}}],"collection":[{"href":"https:\/\/alst.org\/es\/wp-json\/wp\/v2\/pages"}],"about":[{"href":"https:\/\/alst.org\/es\/wp-json\/wp\/v2\/types\/page"}],"author":[{"embeddable":true,"href":"https:\/\/alst.org\/es\/wp-json\/wp\/v2\/users\/1"}],"replies":[{"embeddable":true,"href":"https:\/\/alst.org\/es\/wp-json\/wp\/v2\/comments?post=7916"}],"version-history":[{"count":12,"href":"https:\/\/alst.org\/es\/wp-json\/wp\/v2\/pages\/7916\/revisions"}],"predecessor-version":[{"id":10730,"href":"https:\/\/alst.org\/es\/wp-json\/wp\/v2\/pages\/7916\/revisions\/10730"}],"wp:featuredmedia":[{"embeddable":true,"href":"https:\/\/alst.org\/es\/wp-json\/wp\/v2\/media\/11029"}],"wp:attachment":[{"href":"https:\/\/alst.org\/es\/wp-json\/wp\/v2\/media?parent=7916"}],"curies":[{"name":"wp","href":"https:\/\/api.w.org\/{rel}","templated":true}]}}