{"id":7825,"date":"2022-08-05T10:09:26","date_gmt":"2022-08-05T10:09:26","guid":{"rendered":"https:\/\/alst.org\/the-founders\/"},"modified":"2022-10-06T10:24:31","modified_gmt":"2022-10-06T10:24:31","slug":"the-founders","status":"publish","type":"page","link":"https:\/\/alst.org\/en\/the-founders\/","title":{"rendered":"The founders"},"content":{"rendered":"\t\t<div data-elementor-type=\"wp-page\" data-elementor-id=\"7825\" class=\"elementor elementor-7825 elementor-7528\" data-elementor-post-type=\"page\">\n\t\t\t\t\t\t<section class=\"elementor-section elementor-top-section elementor-element elementor-element-7ee38cd2 elementor-section-boxed elementor-section-height-default elementor-section-height-default\" data-id=\"7ee38cd2\" data-element_type=\"section\" data-e-type=\"section\" data-settings=\"{&quot;jet_parallax_layout_list&quot;:[]}\">\n\t\t\t\t\t\t<div class=\"elementor-container elementor-column-gap-default\">\n\t\t\t\t\t<div class=\"elementor-column elementor-col-100 elementor-top-column elementor-element elementor-element-50b61786\" data-id=\"50b61786\" data-element_type=\"column\" data-e-type=\"column\">\n\t\t\t<div class=\"elementor-widget-wrap elementor-element-populated\">\n\t\t\t\t\t\t<div class=\"elementor-element elementor-element-33b2414d elementor-widget elementor-widget-heading\" data-id=\"33b2414d\" data-element_type=\"widget\" data-e-type=\"widget\" data-widget_type=\"heading.default\">\n\t\t\t\t\t<h1 class=\"elementor-heading-title elementor-size-default\">THE FOUNDERS<\/h1>\t\t\t\t<\/div>\n\t\t\t\t\t<\/div>\n\t\t<\/div>\n\t\t\t\t\t<\/div>\n\t\t<\/section>\n\t\t\t\t<section class=\"elementor-section elementor-top-section elementor-element elementor-element-b0443b elementor-section-boxed elementor-section-height-default elementor-section-height-default\" data-id=\"b0443b\" data-element_type=\"section\" data-e-type=\"section\" data-settings=\"{&quot;jet_parallax_layout_list&quot;:[]}\">\n\t\t\t\t\t\t<div class=\"elementor-container elementor-column-gap-no\">\n\t\t\t\t\t<div class=\"elementor-column elementor-col-100 elementor-top-column elementor-element elementor-element-4da3f288\" data-id=\"4da3f288\" data-element_type=\"column\" data-e-type=\"column\">\n\t\t\t<div class=\"elementor-widget-wrap elementor-element-populated\">\n\t\t\t\t\t\t<div class=\"elementor-element elementor-element-54b67193 elementor-widget elementor-widget-spacer\" data-id=\"54b67193\" data-element_type=\"widget\" data-e-type=\"widget\" data-widget_type=\"spacer.default\">\n\t\t\t\t\t\t\t<div class=\"elementor-spacer\">\n\t\t\t<div class=\"elementor-spacer-inner\"><\/div>\n\t\t<\/div>\n\t\t\t\t\t\t<\/div>\n\t\t\t\t\t<\/div>\n\t\t<\/div>\n\t\t\t\t\t<\/div>\n\t\t<\/section>\n\t\t\t\t<section class=\"elementor-section elementor-top-section elementor-element elementor-element-209eddd7 elementor-section-boxed elementor-section-height-default elementor-section-height-default\" data-id=\"209eddd7\" data-element_type=\"section\" data-e-type=\"section\" data-settings=\"{&quot;jet_parallax_layout_list&quot;:[]}\">\n\t\t\t\t\t\t<div class=\"elementor-container elementor-column-gap-default\">\n\t\t\t\t\t<div class=\"elementor-column elementor-col-100 elementor-top-column elementor-element elementor-element-236d370a\" data-id=\"236d370a\" data-element_type=\"column\" data-e-type=\"column\">\n\t\t\t<div class=\"elementor-widget-wrap elementor-element-populated\">\n\t\t\t\t\t\t<div class=\"elementor-element elementor-element-6a05b9cc elementor-widget elementor-widget-text-editor\" data-id=\"6a05b9cc\" data-element_type=\"widget\" data-e-type=\"widget\" data-widget_type=\"text-editor.default\">\n\t\t\t\t\t\t\t\t\t<p>Born in Alsace on 17 August 1930, Simone Arnold-Liebster belonged with her parents to a group of Jehovah&#8217;s Witnesses in Mulhouse. Attending school became a daily test of her principles since the German invasion in 1940: Her conscience had to rise up every day against the omnipresent coercion. The &#8220;Germanisation&#8221; of Alsace transformed teachers into fanatical National Socialists. Simone Arnold-Liebster was psychologically and physically abused, expelled from high school, finally snatched from her mother in April 1943 and taken to a Nazi reformatory in Constance. There she had to do forced labour and endure mental abuse. If she had not been liberated, she would have been transferred to a concentration camp at the age of 15.<\/p>\n<p>Simone Arnold-Liebster&#8217;s closest friend Marcel Sutter was beheaded for conscientious objection in Halle on 5 November 1943 at the age of 24. Simone&#8217;s father Adolphe Arnold endured the concentration camps Schirmeck, Dachau, Mauthausen and Ebensee since his arrest by the Gestapo in September 1941, her mother Emma Arnold suffered the concentration camps Schirmeck and Gaggenau since 1943. There, at the risk of her life, she saved the lives of others such as the resistance fighter Louise Blazer, who was later awarded the title &#8220;Righteous Among the Nations&#8221;. Throughout their lives, Adolphe and Emma Arnold remained marked by imprisonment and torture, but committed to a path of reconciliation and humanity.<\/p>\n<p>Max Liebster, who was born on 15 February 1915 in Reichenbach in the Odenwald (Hesse, Germany) and died on 28 May 2008 in Aix-les-Bains, and to whom Simone Arnold-Liebster had been married since 1956, came from a Jewish family. Many of his family members were murdered. Max survived the concentration camps and extermination camps Sachsenhausen, Neuengamme, Auschwitz and Buchenwald.<\/p>\n<p>Max Liebster and Simone Arnold-Liebster have spoken to numerous audiences at schools, universities or museums \u2013 including several times at the United States Holocaust Memorial Museum in Washington \u2013 in over 60 cities in Europe and the United States.<\/p>\n<p>Since the establishment of her foundation, Simone Arnold-Liebster has held countless meetings with tens of thousands of young people, especially in American schools, about Nazi persecution and the possibilities of resistance and tolerance. To this day, she works with school classes and youth groups several times a week via video conference. As a survivor and witness, she tirelessly campaigns against forgetting and for education in tolerance and humanity and is available for projects with young people, such as the 27 January Day of Remembrance of the Victims of National Socialism 2021 held by the <a href=\"https:\/\/www.landtag-bw.de\/home\/mediathek\/videos\/2021\/20210127gedenkstundeopferns1.html?t=0\" target=\"_blank\" rel=\"noopener nofollow\">State Parliament of Baden-W\u00fcrttemberg<\/a>, see also <a href=\"https:\/\/alst.org\/en\/education\/videos-en\/films-and-videos\/\" target=\"_blank\" rel=\"noopener\">here<\/a>.<\/p>\n<p>In 1986, Simone Arnold-Liebster was one of the co-founders of CETJAD (Cercle Europ\u00e9en des T\u00e9moins de Jehovah Anciens D\u00e9port\u00e9s et Intern\u00e9s), the first organization to dedicate itself to the memory of the persecution of her victim group, which had been forgotten by the public until then, and thus counteracted a void in historical memory. She received considerable international attention for her book \u201cFacing the Lion: Memoirs of a Young Girl in Nazi Europe\u201d, which is a moving testimony to her persecution and resistance as well as one of the most impressive memoir books about the Nazi persecution of a young person. This is emphasized by the introductory contributions by Abraham J. Peck, former Chairman of the United States Holocaust Memorial Museum, Vice President of the Association of Holocaust Organizations, and associate of Elie Wiesel, and Sybil Milton, prominent Holocaust scholar and former senior historian at the United States Holocaust Memorial Museum.<\/p>\n<p>The Foundation Memorial to the Murdered Jews of Europe, which is taking care of the national monuments of the Federal Republic of Germany to the victims of National Socialism, presents Simone Arnold-Liebster\u2019s story on its youth website \u201c<a href=\"https:\/\/www.verfolgung-von-jugendlichen-im-ns.de\/biographies\/simone-arnold\" target=\"_blank\" rel=\"noopener nofollow\">Du bist anders<\/a>\u201d (You are different), based on the book. \u201cFacing the Lion\u201d has been translated into numerous languages and is also used as school reading in the USA, for example. Accompanying educational material is available.<\/p>\n<p>A few years ago, Simone Arnold-Liebster also launched an initiative for a memorial for the Jehovah\u2019s Witnesses persecuted and murdered under National Socialism in Europe. This initiative is supported by Uwe Neum\u00e4rker, the director of the Foundation Memorial to the Murdered Jews of Europe, the spokesman of the Foundation Memorial\u2019s advisory board, Professor Wolfgang Benz, further authoritative historians in the field such as Professors Detlef Garbe, Peter Steinbach, and Johannes Tuchel and public figures such as Klaus von Dohnanyi, whose family itself resisted National Socialism and was persecuted, and other survivors and their descendants from the Jewish victims\u2019 group and that of the Sinti and Roma, who received help from Jehovah\u2019s Witnesses during National Socialism. On 14 February 2022, the responsible Minister for Culture, Claudia Roth, declared that the memorial was \u201coverdue\u201d and that it was \u201cparticular concern of mine to move forward this important project of the politics of remembrance quickly\u201d.<\/p>\n\t\t\t\t\t\t\t\t<\/div>\n\t\t\t\t\t<\/div>\n\t\t<\/div>\n\t\t\t\t\t<\/div>\n\t\t<\/section>\n\t\t\t\t<section class=\"elementor-section elementor-top-section elementor-element elementor-element-55bb469 elementor-section-boxed elementor-section-height-default elementor-section-height-default\" data-id=\"55bb469\" data-element_type=\"section\" data-e-type=\"section\" data-settings=\"{&quot;jet_parallax_layout_list&quot;:[]}\">\n\t\t\t\t\t\t<div class=\"elementor-container elementor-column-gap-no\">\n\t\t\t\t\t<div class=\"elementor-column elementor-col-50 elementor-top-column elementor-element elementor-element-d300f38\" data-id=\"d300f38\" data-element_type=\"column\" data-e-type=\"column\">\n\t\t\t<div class=\"elementor-widget-wrap elementor-element-populated\">\n\t\t\t\t\t\t<div class=\"elementor-element elementor-element-46e9bb1 elementor-widget elementor-widget-text-editor\" data-id=\"46e9bb1\" data-element_type=\"widget\" data-e-type=\"widget\" data-widget_type=\"text-editor.default\">\n\t\t\t\t\t\t\t\t\t<p><img decoding=\"async\" class=\" wp-image-5457 alignleft\" src=\"https:\/\/alst.org\/wp-content\/uploads\/2022\/07\/adolphe-arnold-petit-1.jpg\" alt=\"\" width=\"90\" height=\"120\"><\/p>\n<h3>Adolphe Arnold<\/h3>\n<p><a href=\"https:\/\/alst.org\/en\/history\/biographies\/short-biography-adolphe-arnold\/\">Short biography<\/a><\/p>\n<p><a href=\"https:\/\/alst.org\/en\/history\/biographies\/adolphe-arnold-biography-a-life-of-battle-and-love\/\">Detailed biography<\/a><\/p>\n\t\t\t\t\t\t\t\t<\/div>\n\t\t\t\t\t<\/div>\n\t\t<\/div>\n\t\t\t\t<div class=\"elementor-column elementor-col-50 elementor-top-column elementor-element elementor-element-ab40b05\" data-id=\"ab40b05\" data-element_type=\"column\" data-e-type=\"column\">\n\t\t\t<div class=\"elementor-widget-wrap elementor-element-populated\">\n\t\t\t\t\t\t<div class=\"elementor-element elementor-element-fa9675a elementor-widget elementor-widget-text-editor\" data-id=\"fa9675a\" data-element_type=\"widget\" data-e-type=\"widget\" data-widget_type=\"text-editor.default\">\n\t\t\t\t\t\t\t\t\t<p><img decoding=\"async\" class=\"alignleft wp-image-4788\" src=\"https:\/\/alst.org\/wp-content\/uploads\/2022\/07\/emma-arnold-petit.jpg\" alt=\"\" width=\"90\" height=\"120\"><\/p>\n<h3>Emma Arnold<\/h3>\n<p><a href=\"https:\/\/alst.org\/en\/history\/biographies\/short-biography-emma-arnold\/\">Short biography<\/a><\/p>\n<p><a href=\"https:\/\/alst.org\/en\/history\/biographies\/emma-arnold-biography-1898-1979-an-unfailing-courage\/\">Ausf\u00fchrliche Biografie<\/a><\/p>\n\t\t\t\t\t\t\t\t<\/div>\n\t\t\t\t\t<\/div>\n\t\t<\/div>\n\t\t\t\t\t<\/div>\n\t\t<\/section>\n\t\t\t\t<section class=\"elementor-section elementor-top-section elementor-element elementor-element-d673c62 elementor-section-boxed elementor-section-height-default elementor-section-height-default\" data-id=\"d673c62\" data-element_type=\"section\" data-e-type=\"section\" data-settings=\"{&quot;jet_parallax_layout_list&quot;:[]}\">\n\t\t\t\t\t\t<div class=\"elementor-container elementor-column-gap-no\">\n\t\t\t\t\t<div class=\"make-column-clickable-elementor elementor-column elementor-col-50 elementor-top-column elementor-element elementor-element-4f5a39d\" style=\"cursor: pointer;\" data-column-clickable=\"https:\/\/alst.org\/geschichte\/biographien-2\/kurzbiographie-simone-arnold-liebster\/\" data-column-clickable-blank=\"_self\" data-id=\"4f5a39d\" data-element_type=\"column\" data-e-type=\"column\">\n\t\t\t<div class=\"elementor-widget-wrap elementor-element-populated\">\n\t\t\t\t\t\t<div class=\"elementor-element elementor-element-e161b4f elementor-widget elementor-widget-text-editor\" data-id=\"e161b4f\" data-element_type=\"widget\" data-e-type=\"widget\" data-widget_type=\"text-editor.default\">\n\t\t\t\t\t\t\t\t\t<p><img decoding=\"async\" class=\"alignleft wp-image-7729\" src=\"https:\/\/alst.org\/wp-content\/uploads\/2022\/08\/simone-liebster-petit-1.jpg\" alt=\"\" width=\"90\" height=\"120\"><\/p>\n<h3>Simone Arnold Liebster<\/h3>\n<p><a href=\"https:\/\/alst.org\/en\/history\/biographies\/short-biography-of-simone-arnold-liebster\/\">Short biography<\/a><\/p>\n\t\t\t\t\t\t\t\t<\/div>\n\t\t\t\t\t<\/div>\n\t\t<\/div>\n\t\t\t\t<div class=\"make-column-clickable-elementor elementor-column elementor-col-50 elementor-top-column elementor-element elementor-element-2575b71\" style=\"cursor: pointer;\" data-column-clickable=\"https:\/\/alst.org\/geschichte\/biographien-2\/kurzbiographie-max-liebster\/\" data-column-clickable-blank=\"_self\" data-id=\"2575b71\" data-element_type=\"column\" data-e-type=\"column\">\n\t\t\t<div class=\"elementor-widget-wrap elementor-element-populated\">\n\t\t\t\t\t\t<div class=\"elementor-element elementor-element-a68ac4c elementor-widget elementor-widget-text-editor\" data-id=\"a68ac4c\" data-element_type=\"widget\" data-e-type=\"widget\" data-widget_type=\"text-editor.default\">\n\t\t\t\t\t\t\t\t\t<p><img loading=\"lazy\" decoding=\"async\" class=\"alignleft wp-image-7734\" src=\"https:\/\/alst.org\/wp-content\/uploads\/2022\/08\/max-liebster-petit-1.jpg\" alt=\"\" width=\"90\" height=\"120\"><\/p>\n<h3>Max Liebster<\/h3>\n<p><a href=\"https:\/\/alst.org\/en\/history\/biographies\/short-biography-max-liebster\/\">Short biography<\/a><\/p>\n\t\t\t\t\t\t\t\t<\/div>\n\t\t\t\t\t<\/div>\n\t\t<\/div>\n\t\t\t\t\t<\/div>\n\t\t<\/section>\n\t\t\t\t<\/div>\n\t\t","protected":false},"excerpt":{"rendered":"<p>THE FOUNDERS Born in Alsace on 17 August 1930, Simone Arnold-Liebster belonged with her parents to a group of Jehovah&#8217;s Witnesses in Mulhouse. Attending school became a daily test of her principles since the German invasion in 1940: Her conscience had to rise up every day against the omnipresent coercion. The &#8220;Germanisation&#8221; of Alsace transformed [&hellip;]<\/p>\n","protected":false},"author":1,"featured_media":11029,"parent":0,"menu_order":0,"comment_status":"closed","ping_status":"closed","template":"elementor_header_footer","meta":{"inline_featured_image":false,"footnotes":""},"class_list":["post-7825","page","type-page","status-publish","has-post-thumbnail","hentry"],"_links":{"self":[{"href":"https:\/\/alst.org\/en\/wp-json\/wp\/v2\/pages\/7825","targetHints":{"allow":["GET"]}}],"collection":[{"href":"https:\/\/alst.org\/en\/wp-json\/wp\/v2\/pages"}],"about":[{"href":"https:\/\/alst.org\/en\/wp-json\/wp\/v2\/types\/page"}],"author":[{"embeddable":true,"href":"https:\/\/alst.org\/en\/wp-json\/wp\/v2\/users\/1"}],"replies":[{"embeddable":true,"href":"https:\/\/alst.org\/en\/wp-json\/wp\/v2\/comments?post=7825"}],"version-history":[{"count":8,"href":"https:\/\/alst.org\/en\/wp-json\/wp\/v2\/pages\/7825\/revisions"}],"predecessor-version":[{"id":11418,"href":"https:\/\/alst.org\/en\/wp-json\/wp\/v2\/pages\/7825\/revisions\/11418"}],"wp:featuredmedia":[{"embeddable":true,"href":"https:\/\/alst.org\/en\/wp-json\/wp\/v2\/media\/11029"}],"wp:attachment":[{"href":"https:\/\/alst.org\/en\/wp-json\/wp\/v2\/media?parent=7825"}],"curies":[{"name":"wp","href":"https:\/\/api.w.org\/{rel}","templated":true}]}}